{"id":190901,"date":"2022-05-12T11:21:09","date_gmt":"2022-05-12T16:21:09","guid":{"rendered":"https:\/\/website.dev.stmtires.com\/shop\/sin categor\u00eda\/320-90r50-4-tl-radial-9000-r-1w\/"},"modified":"2022-05-12T11:21:09","modified_gmt":"2022-05-12T16:21:09","slug":"320-90r50-4-tl-radial-9000-r-1w-2","status":"publish","type":"product","link":"https:\/\/stmtires.com\/es\/shop\/firestone-es\/320-90r50-4-tl-radial-9000-r-1w-2\/","title":{"rendered":"320\/90R50 4* TL RADIAL 9000 R-1W"},"content":{"rendered":"<p>Neum\u00e1tico de banda de rodadura profunda de accionamiento de tractor trasero radial agr\u00edcola R-1W Dise\u00f1ado para tractores de tama\u00f1o europeo para sobresalir en muchos tipos y condiciones de suelo.<\/p>\n","protected":false},"excerpt":{"rendered":"<p>Neum\u00e1tico de banda de rodadura profunda de accionamiento de tractor trasero radial agr\u00edcola R-1W Dise\u00f1ado para tractores de tama\u00f1o europeo para sobresalir en muchos tipos y condiciones de suelo.<\/p>\n","protected":false},"featured_media":0,"comment_status":"open","ping_status":"closed","template":"","meta":{"_acf_changed":false,"subheading":[]},"product_model":[25500],"product_brand":[15736],"product_cat":[26128,19304,19288,16316,19289,26129,19253],"product_tag":[],"class_list":{"0":"post-190901","1":"product","2":"type-product","3":"status-publish","5":"product_model-radial-9000-r-1w-es","6":"product_brand-firestone-es","7":"product_cat-agricola","8":"product_cat-banda-de-rodadura-profunda","9":"product_cat-conducir","10":"product_cat-deep-tread","11":"product_cat-radial-es","12":"product_cat-tractor-es","13":"product_cat-uncategorized","14":"pa_tire-size-320-90r50-es","16":"first","17":"instock","18":"shipping-taxable","19":"purchasable","20":"product-type-simple"},"acf":[],"_links":{"self":[{"href":"https:\/\/stmtires.com\/es\/wp-json\/wp\/v2\/product\/190901","targetHints":{"allow":["GET"]}}],"collection":[{"href":"https:\/\/stmtires.com\/es\/wp-json\/wp\/v2\/product"}],"about":[{"href":"https:\/\/stmtires.com\/es\/wp-json\/wp\/v2\/types\/product"}],"replies":[{"embeddable":true,"href":"https:\/\/stmtires.com\/es\/wp-json\/wp\/v2\/comments?post=190901"}],"wp:attachment":[{"href":"https:\/\/stmtires.com\/es\/wp-json\/wp\/v2\/media?parent=190901"}],"wp:term":[{"taxonomy":"product_model","embeddable":true,"href":"https:\/\/stmtires.com\/es\/wp-json\/wp\/v2\/product_model?post=190901"},{"taxonomy":"product_brand","embeddable":true,"href":"https:\/\/stmtires.com\/es\/wp-json\/wp\/v2\/product_brand?post=190901"},{"taxonomy":"product_cat","embeddable":true,"href":"https:\/\/stmtires.com\/es\/wp-json\/wp\/v2\/product_cat?post=190901"},{"taxonomy":"product_tag","embeddable":true,"href":"https:\/\/stmtires.com\/es\/wp-json\/wp\/v2\/product_tag?post=190901"}],"curies":[{"name":"wp","href":"https:\/\/api.w.org\/{rel}","templated":true}]}}