{"id":191046,"date":"2022-05-12T11:40:11","date_gmt":"2022-05-12T16:40:11","guid":{"rendered":"https:\/\/website.dev.stmtires.com\/shop\/sin categor\u00eda\/31x13-5-15-e-tl-cesped-y-pisoton-de-campo-g-2\/"},"modified":"2022-05-12T11:40:11","modified_gmt":"2022-05-12T16:40:11","slug":"31x13-5-15-e-tl-turf-and-field-stubble-stomper-g-2-2","status":"publish","type":"product","link":"https:\/\/stmtires.com\/es\/shop\/firestone-es\/31x13-5-15-e-tl-turf-and-field-stubble-stomper-g-2-2\/","title":{"rendered":"31X13.5-15 E TL C\u00c9SPED Y PISOT\u00d3N DE CAMPO G-2"},"content":{"rendered":"<p>Neum\u00e1tico clasificador de c\u00e9sped y jard\u00edn agr\u00edcola G-2 que es perfecto para campos de golf y trabajo en parques.<\/p>\n","protected":false},"excerpt":{"rendered":"<p>Neum\u00e1tico clasificador de c\u00e9sped y jard\u00edn agr\u00edcola G-2 que es perfecto para campos de golf y trabajo en parques.<\/p>\n","protected":false},"featured_media":225029,"comment_status":"open","ping_status":"closed","template":"","meta":{"_acf_changed":false,"subheading":[]},"product_model":[25561],"product_brand":[15736],"product_cat":[26128,19348,19349,16281,26135,19253],"product_tag":[],"class_list":{"0":"post-191046","1":"product","2":"type-product","3":"status-publish","4":"has-post-thumbnail","6":"product_model-turf-and-field-stubble-stomper-g-2-es","7":"product_brand-firestone-es","8":"product_cat-agricola","9":"product_cat-cesped-y-jardin","10":"product_cat-golf-es","11":"product_cat-golf","12":"product_cat-granja","13":"product_cat-uncategorized","14":"pa_tire-size-31x13-5r15-es","16":"first","17":"instock","18":"shipping-taxable","19":"purchasable","20":"product-type-simple"},"acf":[],"_links":{"self":[{"href":"https:\/\/stmtires.com\/es\/wp-json\/wp\/v2\/product\/191046","targetHints":{"allow":["GET"]}}],"collection":[{"href":"https:\/\/stmtires.com\/es\/wp-json\/wp\/v2\/product"}],"about":[{"href":"https:\/\/stmtires.com\/es\/wp-json\/wp\/v2\/types\/product"}],"replies":[{"embeddable":true,"href":"https:\/\/stmtires.com\/es\/wp-json\/wp\/v2\/comments?post=191046"}],"wp:featuredmedia":[{"embeddable":true,"href":"https:\/\/stmtires.com\/es\/wp-json\/wp\/v2\/media\/225029"}],"wp:attachment":[{"href":"https:\/\/stmtires.com\/es\/wp-json\/wp\/v2\/media?parent=191046"}],"wp:term":[{"taxonomy":"product_model","embeddable":true,"href":"https:\/\/stmtires.com\/es\/wp-json\/wp\/v2\/product_model?post=191046"},{"taxonomy":"product_brand","embeddable":true,"href":"https:\/\/stmtires.com\/es\/wp-json\/wp\/v2\/product_brand?post=191046"},{"taxonomy":"product_cat","embeddable":true,"href":"https:\/\/stmtires.com\/es\/wp-json\/wp\/v2\/product_cat?post=191046"},{"taxonomy":"product_tag","embeddable":true,"href":"https:\/\/stmtires.com\/es\/wp-json\/wp\/v2\/product_tag?post=191046"}],"curies":[{"name":"wp","href":"https:\/\/api.w.org\/{rel}","templated":true}]}}