{"id":191154,"date":"2022-05-12T14:25:29","date_gmt":"2022-05-12T19:25:29","guid":{"rendered":"https:\/\/website.dev.stmtires.com\/shop\/sin categor\u00eda\/31x10-50r15-dueler-h-t-d689\/"},"modified":"2022-05-12T14:25:29","modified_gmt":"2022-05-12T19:25:29","slug":"31x10-50r15-dueler-h-t-d689-2","status":"publish","type":"product","link":"https:\/\/stmtires.com\/es\/shop\/bridgestone-es\/31x10-50r15-dueler-h-t-d689-2\/","title":{"rendered":"31X10.50R15 DUELER H\/T (D689)"},"content":{"rendered":"<p>Neum\u00e1tico cami\u00f3n ligero \/ SUV de pasajeros de tracci\u00f3n en carretera para todas las estaciones. Neum\u00e1tico de equipo original (OE) en veh\u00edculos seleccionados.<\/p>\n","protected":false},"excerpt":{"rendered":"<p>Neum\u00e1tico cami\u00f3n ligero \/ SUV de pasajeros de tracci\u00f3n en carretera para todas las estaciones. Neum\u00e1tico de equipo original (OE) en veh\u00edculos seleccionados.<\/p>\n","protected":false},"featured_media":0,"comment_status":"open","ping_status":"closed","template":"","meta":{"_acf_changed":false,"subheading":[]},"product_model":[22836],"product_brand":[],"product_cat":[19241,19242,25986,19289,19287,19316],"product_tag":[],"class_list":{"0":"post-191154","1":"product","2":"type-product","3":"status-publish","5":"product_model-dueler-h-t-689-es-2","6":"product_cat-camion-ligero-de-pasajeros-suv","7":"product_cat-equipo-original-oe","8":"product_cat-luz-de-pasajero","9":"product_cat-radial-es","10":"product_cat-servicio-de-autopistas","11":"product_cat-todas-las-posiciones","12":"pa_tire-size-31x10-5r15-es","14":"first","15":"instock","16":"shipping-taxable","17":"purchasable","18":"product-type-simple"},"acf":[],"_links":{"self":[{"href":"https:\/\/stmtires.com\/es\/wp-json\/wp\/v2\/product\/191154","targetHints":{"allow":["GET"]}}],"collection":[{"href":"https:\/\/stmtires.com\/es\/wp-json\/wp\/v2\/product"}],"about":[{"href":"https:\/\/stmtires.com\/es\/wp-json\/wp\/v2\/types\/product"}],"replies":[{"embeddable":true,"href":"https:\/\/stmtires.com\/es\/wp-json\/wp\/v2\/comments?post=191154"}],"wp:attachment":[{"href":"https:\/\/stmtires.com\/es\/wp-json\/wp\/v2\/media?parent=191154"}],"wp:term":[{"taxonomy":"product_model","embeddable":true,"href":"https:\/\/stmtires.com\/es\/wp-json\/wp\/v2\/product_model?post=191154"},{"taxonomy":"product_brand","embeddable":true,"href":"https:\/\/stmtires.com\/es\/wp-json\/wp\/v2\/product_brand?post=191154"},{"taxonomy":"product_cat","embeddable":true,"href":"https:\/\/stmtires.com\/es\/wp-json\/wp\/v2\/product_cat?post=191154"},{"taxonomy":"product_tag","embeddable":true,"href":"https:\/\/stmtires.com\/es\/wp-json\/wp\/v2\/product_tag?post=191154"}],"curies":[{"name":"wp","href":"https:\/\/api.w.org\/{rel}","templated":true}]}}