{"id":191192,"date":"2022-05-12T11:44:19","date_gmt":"2022-05-12T16:44:19","guid":{"rendered":"https:\/\/website.dev.stmtires.com\/shop\/sin categor\u00eda\/315-80r22-5-l-xzu-s2\/"},"modified":"2022-05-12T11:44:19","modified_gmt":"2022-05-12T16:44:19","slug":"315-80r22-5-l-xzu-s2-2","status":"publish","type":"product","link":"https:\/\/stmtires.com\/es\/shop\/michelin-es\/315-80r22-5-l-xzu-s2-2\/","title":{"rendered":"315\/80R22.5 L XZU S2"},"content":{"rendered":"<p>Cami\u00f3n\/Autob\u00fas Comercial. Neum\u00e1tico de cami\u00f3n de servicio medio en todas las posiciones con alta capacidad de carga dise\u00f1ado para una vida \u00fatil excepcional de la banda de rodadura en aplicaciones urbanas de alto lavado, como veh\u00edculos de desecho.<\/p>\n","protected":false},"excerpt":{"rendered":"<p>Cami\u00f3n\/Autob\u00fas Comercial. Neum\u00e1tico de cami\u00f3n de servicio medio en todas las posiciones con alta capacidad de carga dise\u00f1ado para una vida \u00fatil excepcional de la banda de rodadura en aplicaciones urbanas de alto lavado, como veh\u00edculos de desecho.<\/p>\n","protected":false},"featured_media":225408,"comment_status":"open","ping_status":"closed","template":"","meta":{"_acf_changed":false,"subheading":[]},"product_model":[25605],"product_brand":[15734],"product_cat":[19321,19253],"product_tag":[],"class_list":{"0":"post-191192","1":"product","2":"type-product","3":"status-publish","4":"has-post-thumbnail","6":"product_model-xzu-s2-es","7":"product_brand-michelin-es","8":"product_cat-conducir-es","9":"product_cat-uncategorized","10":"pa_tire-size-315-80r22-5-es","12":"first","13":"instock","14":"shipping-taxable","15":"purchasable","16":"product-type-simple"},"acf":[],"_links":{"self":[{"href":"https:\/\/stmtires.com\/es\/wp-json\/wp\/v2\/product\/191192","targetHints":{"allow":["GET"]}}],"collection":[{"href":"https:\/\/stmtires.com\/es\/wp-json\/wp\/v2\/product"}],"about":[{"href":"https:\/\/stmtires.com\/es\/wp-json\/wp\/v2\/types\/product"}],"replies":[{"embeddable":true,"href":"https:\/\/stmtires.com\/es\/wp-json\/wp\/v2\/comments?post=191192"}],"wp:featuredmedia":[{"embeddable":true,"href":"https:\/\/stmtires.com\/es\/wp-json\/wp\/v2\/media\/225408"}],"wp:attachment":[{"href":"https:\/\/stmtires.com\/es\/wp-json\/wp\/v2\/media?parent=191192"}],"wp:term":[{"taxonomy":"product_model","embeddable":true,"href":"https:\/\/stmtires.com\/es\/wp-json\/wp\/v2\/product_model?post=191192"},{"taxonomy":"product_brand","embeddable":true,"href":"https:\/\/stmtires.com\/es\/wp-json\/wp\/v2\/product_brand?post=191192"},{"taxonomy":"product_cat","embeddable":true,"href":"https:\/\/stmtires.com\/es\/wp-json\/wp\/v2\/product_cat?post=191192"},{"taxonomy":"product_tag","embeddable":true,"href":"https:\/\/stmtires.com\/es\/wp-json\/wp\/v2\/product_tag?post=191192"}],"curies":[{"name":"wp","href":"https:\/\/api.w.org\/{rel}","templated":true}]}}