{"id":191211,"date":"2022-05-12T15:52:13","date_gmt":"2022-05-12T20:52:13","guid":{"rendered":"https:\/\/website.dev.stmtires.com\/shop\/sin categor\u00eda\/315-80r22-5-l-m860\/"},"modified":"2022-05-12T15:52:13","modified_gmt":"2022-05-12T20:52:13","slug":"315-80r22-5-l-m860-2","status":"publish","type":"product","link":"https:\/\/stmtires.com\/es\/shop\/bridgestone-es\/315-80r22-5-l-m860-2\/","title":{"rendered":"315\/80R22.5 L M860"},"content":{"rendered":"<p>Cami\u00f3n\/Autob\u00fas Comercial. Cami\u00f3n de servicio mediano Neum\u00e1tico radial de alta posici\u00f3n de exfoliaci\u00f3n de alta altura recomendado para posiciones de direcci\u00f3n en aplicaciones de basura, alto lavado y corta distancia.<\/p>\n","protected":false},"excerpt":{"rendered":"<p>Cami\u00f3n\/Autob\u00fas Comercial. Cami\u00f3n de servicio mediano Neum\u00e1tico radial de alta posici\u00f3n de exfoliaci\u00f3n de alta altura recomendado para posiciones de direcci\u00f3n en aplicaciones de basura, alto lavado y corta distancia.<\/p>\n","protected":false},"featured_media":221862,"comment_status":"open","ping_status":"closed","template":"","meta":{"_acf_changed":false,"subheading":[]},"product_model":[25879],"product_brand":[],"product_cat":[19286,19321,19289,19316,19253],"product_tag":[],"class_list":{"0":"post-191211","1":"product","2":"type-product","3":"status-publish","4":"has-post-thumbnail","6":"product_model-m860-es","7":"product_cat-camion-autobus-comercial","8":"product_cat-conducir-es","9":"product_cat-radial-es","10":"product_cat-todas-las-posiciones","11":"product_cat-uncategorized","12":"pa_tire-size-315-80r22-5-es","14":"first","15":"instock","16":"shipping-taxable","17":"purchasable","18":"product-type-simple"},"acf":[],"_links":{"self":[{"href":"https:\/\/stmtires.com\/es\/wp-json\/wp\/v2\/product\/191211","targetHints":{"allow":["GET"]}}],"collection":[{"href":"https:\/\/stmtires.com\/es\/wp-json\/wp\/v2\/product"}],"about":[{"href":"https:\/\/stmtires.com\/es\/wp-json\/wp\/v2\/types\/product"}],"replies":[{"embeddable":true,"href":"https:\/\/stmtires.com\/es\/wp-json\/wp\/v2\/comments?post=191211"}],"wp:featuredmedia":[{"embeddable":true,"href":"https:\/\/stmtires.com\/es\/wp-json\/wp\/v2\/media\/221862"}],"wp:attachment":[{"href":"https:\/\/stmtires.com\/es\/wp-json\/wp\/v2\/media?parent=191211"}],"wp:term":[{"taxonomy":"product_model","embeddable":true,"href":"https:\/\/stmtires.com\/es\/wp-json\/wp\/v2\/product_model?post=191211"},{"taxonomy":"product_brand","embeddable":true,"href":"https:\/\/stmtires.com\/es\/wp-json\/wp\/v2\/product_brand?post=191211"},{"taxonomy":"product_cat","embeddable":true,"href":"https:\/\/stmtires.com\/es\/wp-json\/wp\/v2\/product_cat?post=191211"},{"taxonomy":"product_tag","embeddable":true,"href":"https:\/\/stmtires.com\/es\/wp-json\/wp\/v2\/product_tag?post=191211"}],"curies":[{"name":"wp","href":"https:\/\/api.w.org\/{rel}","templated":true}]}}