{"id":191255,"date":"2022-05-12T10:39:42","date_gmt":"2022-05-12T15:39:42","guid":{"rendered":"https:\/\/website.dev.stmtires.com\/shop\/sin categor\u00eda\/315-80r22-5-l-xzu-s\/"},"modified":"2022-05-12T10:39:42","modified_gmt":"2022-05-12T15:39:42","slug":"315-80r22-5-l-xzu-s-2","status":"publish","type":"product","link":"https:\/\/stmtires.com\/es\/shop\/michelin-es\/315-80r22-5-l-xzu-s-2\/","title":{"rendered":"315\/80R22.5 L XZU S"},"content":{"rendered":"<p>Cami\u00f3n\/Autob\u00fas Comercial. Neum\u00e1tico radial de posici\u00f3n completa para camiones de servicio mediano dise\u00f1ado para un ahorro significativo de peso y combustible en operaciones urbanas \/ regionales.<\/p>\n","protected":false},"excerpt":{"rendered":"<p>Cami\u00f3n\/Autob\u00fas Comercial. Neum\u00e1tico radial de posici\u00f3n completa para camiones de servicio mediano dise\u00f1ado para un ahorro significativo de peso y combustible en operaciones urbanas \/ regionales.<\/p>\n","protected":false},"featured_media":225444,"comment_status":"open","ping_status":"closed","template":"","meta":{"_acf_changed":false,"subheading":[]},"product_model":[25307],"product_brand":[15734],"product_cat":[19321],"product_tag":[],"class_list":{"0":"post-191255","1":"product","2":"type-product","3":"status-publish","4":"has-post-thumbnail","6":"product_model-xzu-s-es","7":"product_brand-michelin-es","8":"product_cat-conducir-es","9":"pa_tire-size-315-80r22-5-es","11":"first","12":"instock","13":"shipping-taxable","14":"purchasable","15":"product-type-simple"},"acf":[],"_links":{"self":[{"href":"https:\/\/stmtires.com\/es\/wp-json\/wp\/v2\/product\/191255","targetHints":{"allow":["GET"]}}],"collection":[{"href":"https:\/\/stmtires.com\/es\/wp-json\/wp\/v2\/product"}],"about":[{"href":"https:\/\/stmtires.com\/es\/wp-json\/wp\/v2\/types\/product"}],"replies":[{"embeddable":true,"href":"https:\/\/stmtires.com\/es\/wp-json\/wp\/v2\/comments?post=191255"}],"wp:featuredmedia":[{"embeddable":true,"href":"https:\/\/stmtires.com\/es\/wp-json\/wp\/v2\/media\/225444"}],"wp:attachment":[{"href":"https:\/\/stmtires.com\/es\/wp-json\/wp\/v2\/media?parent=191255"}],"wp:term":[{"taxonomy":"product_model","embeddable":true,"href":"https:\/\/stmtires.com\/es\/wp-json\/wp\/v2\/product_model?post=191255"},{"taxonomy":"product_brand","embeddable":true,"href":"https:\/\/stmtires.com\/es\/wp-json\/wp\/v2\/product_brand?post=191255"},{"taxonomy":"product_cat","embeddable":true,"href":"https:\/\/stmtires.com\/es\/wp-json\/wp\/v2\/product_cat?post=191255"},{"taxonomy":"product_tag","embeddable":true,"href":"https:\/\/stmtires.com\/es\/wp-json\/wp\/v2\/product_tag?post=191255"}],"curies":[{"name":"wp","href":"https:\/\/api.w.org\/{rel}","templated":true}]}}