{"id":191312,"date":"2022-05-12T16:49:57","date_gmt":"2022-05-12T21:49:57","guid":{"rendered":"https:\/\/website.dev.stmtires.com\/shop\/sin categor\u00eda\/315-80r22-5-l-m860a\/"},"modified":"2022-05-12T16:49:57","modified_gmt":"2022-05-12T21:49:57","slug":"315-80r22-5-l-m860a-2","status":"publish","type":"product","link":"https:\/\/stmtires.com\/es\/shop\/bridgestone-es\/315-80r22-5-l-m860a-2\/","title":{"rendered":"315\/80R22.5 L M860A"},"content":{"rendered":"<p>Cami\u00f3n\/Autob\u00fas Comercial. Cami\u00f3n de servicio mediano Neum\u00e1tico radial de alta posici\u00f3n de exfoliaci\u00f3n de alta altura recomendado para posiciones de direcci\u00f3n en aplicaciones de basura, alto lavado y corta distancia.<\/p>\n","protected":false},"excerpt":{"rendered":"<p>Cami\u00f3n\/Autob\u00fas Comercial. Cami\u00f3n de servicio mediano Neum\u00e1tico radial de alta posici\u00f3n de exfoliaci\u00f3n de alta altura recomendado para posiciones de direcci\u00f3n en aplicaciones de basura, alto lavado y corta distancia.<\/p>\n","protected":false},"featured_media":0,"comment_status":"open","ping_status":"closed","template":"","meta":{"_acf_changed":false,"subheading":[]},"product_model":[25954],"product_brand":[],"product_cat":[19286,19321,19289,19316,19253],"product_tag":[],"class_list":{"0":"post-191312","1":"product","2":"type-product","3":"status-publish","5":"product_model-m860a-es","6":"product_cat-camion-autobus-comercial","7":"product_cat-conducir-es","8":"product_cat-radial-es","9":"product_cat-todas-las-posiciones","10":"product_cat-uncategorized","11":"pa_tire-size-315-80r22-5-es","13":"first","14":"instock","15":"shipping-taxable","16":"purchasable","17":"product-type-simple"},"acf":[],"_links":{"self":[{"href":"https:\/\/stmtires.com\/es\/wp-json\/wp\/v2\/product\/191312","targetHints":{"allow":["GET"]}}],"collection":[{"href":"https:\/\/stmtires.com\/es\/wp-json\/wp\/v2\/product"}],"about":[{"href":"https:\/\/stmtires.com\/es\/wp-json\/wp\/v2\/types\/product"}],"replies":[{"embeddable":true,"href":"https:\/\/stmtires.com\/es\/wp-json\/wp\/v2\/comments?post=191312"}],"wp:attachment":[{"href":"https:\/\/stmtires.com\/es\/wp-json\/wp\/v2\/media?parent=191312"}],"wp:term":[{"taxonomy":"product_model","embeddable":true,"href":"https:\/\/stmtires.com\/es\/wp-json\/wp\/v2\/product_model?post=191312"},{"taxonomy":"product_brand","embeddable":true,"href":"https:\/\/stmtires.com\/es\/wp-json\/wp\/v2\/product_brand?post=191312"},{"taxonomy":"product_cat","embeddable":true,"href":"https:\/\/stmtires.com\/es\/wp-json\/wp\/v2\/product_cat?post=191312"},{"taxonomy":"product_tag","embeddable":true,"href":"https:\/\/stmtires.com\/es\/wp-json\/wp\/v2\/product_tag?post=191312"}],"curies":[{"name":"wp","href":"https:\/\/api.w.org\/{rel}","templated":true}]}}