{"id":191342,"date":"2022-05-12T16:01:12","date_gmt":"2022-05-12T21:01:12","guid":{"rendered":"https:\/\/website.dev.stmtires.com\/shop\/sin categor\u00eda\/315-80r22-5-j-doble-moneda-rr202\/"},"modified":"2022-05-12T16:01:12","modified_gmt":"2022-05-12T21:01:12","slug":"315-80r22-5-j-double-coin-rr202-2","status":"publish","type":"product","link":"https:\/\/stmtires.com\/es\/shop\/double-coin\/315-80r22-5-j-double-coin-rr202-2\/","title":{"rendered":"315\/80R22.5 J DOBLE MONEDA RR202"},"content":{"rendered":"<p>Cami\u00f3n\/Autob\u00fas Comercial. Neum\u00e1tico de servicio en carretera de 5 costillas de servicio pesado verificado por SmartWay, ideal para m\u00faltiples aplicaciones, incluidas cargas pesadas y autobuses de transporte.<\/p>\n","protected":false},"excerpt":{"rendered":"<p>Cami\u00f3n\/Autob\u00fas Comercial. Neum\u00e1tico de servicio en carretera de 5 costillas de servicio pesado verificado por SmartWay, ideal para m\u00faltiples aplicaciones, incluidas cargas pesadas y autobuses de transporte.<\/p>\n","protected":false},"featured_media":0,"comment_status":"open","ping_status":"closed","template":"","meta":{"_acf_changed":false,"subheading":[]},"product_model":[22946],"product_brand":[103],"product_cat":[19286,19324,19287,19323,19253],"product_tag":[],"class_list":{"0":"post-191342","1":"product","2":"type-product","3":"status-publish","5":"product_model-double-coin-rr202-es","6":"product_brand-double-coin","7":"product_cat-camion-autobus-comercial","8":"product_cat-costilla","9":"product_cat-servicio-de-autopistas","10":"product_cat-smartway-en-ingles","11":"product_cat-uncategorized","12":"pa_tire-size-315-80r22-5-es","14":"first","15":"instock","16":"shipping-taxable","17":"purchasable","18":"product-type-simple"},"acf":[],"_links":{"self":[{"href":"https:\/\/stmtires.com\/es\/wp-json\/wp\/v2\/product\/191342","targetHints":{"allow":["GET"]}}],"collection":[{"href":"https:\/\/stmtires.com\/es\/wp-json\/wp\/v2\/product"}],"about":[{"href":"https:\/\/stmtires.com\/es\/wp-json\/wp\/v2\/types\/product"}],"replies":[{"embeddable":true,"href":"https:\/\/stmtires.com\/es\/wp-json\/wp\/v2\/comments?post=191342"}],"wp:attachment":[{"href":"https:\/\/stmtires.com\/es\/wp-json\/wp\/v2\/media?parent=191342"}],"wp:term":[{"taxonomy":"product_model","embeddable":true,"href":"https:\/\/stmtires.com\/es\/wp-json\/wp\/v2\/product_model?post=191342"},{"taxonomy":"product_brand","embeddable":true,"href":"https:\/\/stmtires.com\/es\/wp-json\/wp\/v2\/product_brand?post=191342"},{"taxonomy":"product_cat","embeddable":true,"href":"https:\/\/stmtires.com\/es\/wp-json\/wp\/v2\/product_cat?post=191342"},{"taxonomy":"product_tag","embeddable":true,"href":"https:\/\/stmtires.com\/es\/wp-json\/wp\/v2\/product_tag?post=191342"}],"curies":[{"name":"wp","href":"https:\/\/api.w.org\/{rel}","templated":true}]}}