{"id":191381,"date":"2022-05-12T10:38:27","date_gmt":"2022-05-12T15:38:27","guid":{"rendered":"https:\/\/website.dev.stmtires.com\/shop\/sin categor\u00eda\/315-80r225-l-xza1\/"},"modified":"2022-05-12T10:38:27","modified_gmt":"2022-05-12T15:38:27","slug":"315-80r22-5-l-xza1-2","status":"publish","type":"product","link":"https:\/\/stmtires.com\/es\/shop\/michelin-es\/315-80r22-5-l-xza1-2\/","title":{"rendered":"315\/80R22,5 L XZA1"},"content":{"rendered":"<p>Cami\u00f3n\/Autob\u00fas Comercial. Neum\u00e1tico de cami\u00f3n de servicio medio \/ pesado de todas las posiciones optimizado para cargas de ejes pesados en transporte en l\u00ednea y aplicaciones regionales limitadas.  <\/p>\n","protected":false},"excerpt":{"rendered":"<p>Cami\u00f3n\/Autob\u00fas Comercial. Neum\u00e1tico de cami\u00f3n de servicio medio \/ pesado de todas las posiciones optimizado para cargas de ejes pesados en transporte en l\u00ednea y aplicaciones regionales limitadas.<\/p>\n","protected":false},"featured_media":0,"comment_status":"open","ping_status":"closed","template":"","meta":{"_acf_changed":false,"subheading":[]},"product_model":[25271],"product_brand":[15734],"product_cat":[19321],"product_tag":[],"class_list":{"0":"post-191381","1":"product","2":"type-product","3":"status-publish","5":"product_model-xza1-es","6":"product_brand-michelin-es","7":"product_cat-conducir-es","8":"pa_tire-size-315-80r22-5-es","10":"first","11":"instock","12":"shipping-taxable","13":"purchasable","14":"product-type-simple"},"acf":[],"_links":{"self":[{"href":"https:\/\/stmtires.com\/es\/wp-json\/wp\/v2\/product\/191381","targetHints":{"allow":["GET"]}}],"collection":[{"href":"https:\/\/stmtires.com\/es\/wp-json\/wp\/v2\/product"}],"about":[{"href":"https:\/\/stmtires.com\/es\/wp-json\/wp\/v2\/types\/product"}],"replies":[{"embeddable":true,"href":"https:\/\/stmtires.com\/es\/wp-json\/wp\/v2\/comments?post=191381"}],"wp:attachment":[{"href":"https:\/\/stmtires.com\/es\/wp-json\/wp\/v2\/media?parent=191381"}],"wp:term":[{"taxonomy":"product_model","embeddable":true,"href":"https:\/\/stmtires.com\/es\/wp-json\/wp\/v2\/product_model?post=191381"},{"taxonomy":"product_brand","embeddable":true,"href":"https:\/\/stmtires.com\/es\/wp-json\/wp\/v2\/product_brand?post=191381"},{"taxonomy":"product_cat","embeddable":true,"href":"https:\/\/stmtires.com\/es\/wp-json\/wp\/v2\/product_cat?post=191381"},{"taxonomy":"product_tag","embeddable":true,"href":"https:\/\/stmtires.com\/es\/wp-json\/wp\/v2\/product_tag?post=191381"}],"curies":[{"name":"wp","href":"https:\/\/api.w.org\/{rel}","templated":true}]}}