{"id":191445,"date":"2022-05-12T11:49:46","date_gmt":"2022-05-12T16:49:46","guid":{"rendered":"https:\/\/website.dev.stmtires.com\/shop\/sin categor\u00eda\/315-80r22-5-l-m144\/"},"modified":"2022-05-12T11:49:46","modified_gmt":"2022-05-12T16:49:46","slug":"315-80r22-5-l-m144-2","status":"publish","type":"product","link":"https:\/\/stmtires.com\/es\/shop\/toyo-es\/315-80r22-5-l-m144-2\/","title":{"rendered":"315\/80R22.5 L M144"},"content":{"rendered":"<p>Cami\u00f3n\/Autob\u00fas Comercial. Neum\u00e1tico de cami\u00f3n de servicio medio verificado por SmartWay dise\u00f1ado para ofrecer un alto kilometraje en aplicaciones de autobuses regionales y urbanos, as\u00ed como en otros transportes pesados.<\/p>\n","protected":false},"excerpt":{"rendered":"<p>Cami\u00f3n\/Autob\u00fas Comercial. Neum\u00e1tico de cami\u00f3n de servicio medio verificado por SmartWay dise\u00f1ado para ofrecer un alto kilometraje en aplicaciones de autobuses regionales y urbanos, as\u00ed como en otros transportes pesados.<\/p>\n","protected":false},"featured_media":0,"comment_status":"open","ping_status":"closed","template":"","meta":{"_acf_changed":false,"subheading":[]},"product_model":[25575],"product_brand":[15760],"product_cat":[19286,19332,16304,19323,19316,19253],"product_tag":[],"class_list":{"0":"post-191445","1":"product","2":"type-product","3":"status-publish","5":"product_model-m144a-m144-es","6":"product_brand-toyo-es","7":"product_cat-camion-autobus-comercial","8":"product_cat-servicio-regional","9":"product_cat-smartway","10":"product_cat-smartway-en-ingles","11":"product_cat-todas-las-posiciones","12":"product_cat-uncategorized","13":"pa_tire-size-315-80r22-5-es","15":"first","16":"instock","17":"shipping-taxable","18":"purchasable","19":"product-type-simple"},"acf":[],"_links":{"self":[{"href":"https:\/\/stmtires.com\/es\/wp-json\/wp\/v2\/product\/191445","targetHints":{"allow":["GET"]}}],"collection":[{"href":"https:\/\/stmtires.com\/es\/wp-json\/wp\/v2\/product"}],"about":[{"href":"https:\/\/stmtires.com\/es\/wp-json\/wp\/v2\/types\/product"}],"replies":[{"embeddable":true,"href":"https:\/\/stmtires.com\/es\/wp-json\/wp\/v2\/comments?post=191445"}],"wp:attachment":[{"href":"https:\/\/stmtires.com\/es\/wp-json\/wp\/v2\/media?parent=191445"}],"wp:term":[{"taxonomy":"product_model","embeddable":true,"href":"https:\/\/stmtires.com\/es\/wp-json\/wp\/v2\/product_model?post=191445"},{"taxonomy":"product_brand","embeddable":true,"href":"https:\/\/stmtires.com\/es\/wp-json\/wp\/v2\/product_brand?post=191445"},{"taxonomy":"product_cat","embeddable":true,"href":"https:\/\/stmtires.com\/es\/wp-json\/wp\/v2\/product_cat?post=191445"},{"taxonomy":"product_tag","embeddable":true,"href":"https:\/\/stmtires.com\/es\/wp-json\/wp\/v2\/product_tag?post=191445"}],"curies":[{"name":"wp","href":"https:\/\/api.w.org\/{rel}","templated":true}]}}