{"id":191776,"date":"2022-05-12T10:10:28","date_gmt":"2022-05-12T15:10:28","guid":{"rendered":"https:\/\/website.dev.stmtires.com\/shop\/sin categor\u00eda\/315-30zr18-g-force-t-a-kdw\/"},"modified":"2022-06-20T17:31:54","modified_gmt":"2022-06-20T22:31:54","slug":"315-30zr18-g-force-t-a-kdw-2","status":"publish","type":"product","link":"https:\/\/stmtires.com\/es\/shop\/tires\/315-30zr18-g-force-t-a-kdw-2\/","title":{"rendered":"315\/30ZR18 G-FORCE T\/A KDW"},"content":{"rendered":"<p>Neum\u00e1tico de verano de verano de ultra alto rendimiento y cami\u00f3n ligero \/ SUV. Rendimiento deportivo para coup\u00e9, sed\u00e1n, autom\u00f3vil o cami\u00f3n.<\/p>\n","protected":false},"excerpt":{"rendered":"<p>Neum\u00e1tico de verano de verano de ultra alto rendimiento y cami\u00f3n ligero \/ SUV. Rendimiento deportivo para coup\u00e9, sed\u00e1n, autom\u00f3vil o cami\u00f3n.<\/p>\n","protected":false},"featured_media":0,"comment_status":"open","ping_status":"closed","template":"","meta":{"_acf_changed":false,"subheading":[]},"product_model":[25362],"product_brand":[],"product_cat":[],"product_tag":[],"class_list":{"0":"post-191776","1":"product","2":"type-product","3":"status-publish","5":"product_model-g-force-t-a-kdw-es","7":"first","8":"instock","9":"shipping-taxable","10":"purchasable","11":"product-type-simple"},"acf":[],"_links":{"self":[{"href":"https:\/\/stmtires.com\/es\/wp-json\/wp\/v2\/product\/191776","targetHints":{"allow":["GET"]}}],"collection":[{"href":"https:\/\/stmtires.com\/es\/wp-json\/wp\/v2\/product"}],"about":[{"href":"https:\/\/stmtires.com\/es\/wp-json\/wp\/v2\/types\/product"}],"replies":[{"embeddable":true,"href":"https:\/\/stmtires.com\/es\/wp-json\/wp\/v2\/comments?post=191776"}],"wp:attachment":[{"href":"https:\/\/stmtires.com\/es\/wp-json\/wp\/v2\/media?parent=191776"}],"wp:term":[{"taxonomy":"product_model","embeddable":true,"href":"https:\/\/stmtires.com\/es\/wp-json\/wp\/v2\/product_model?post=191776"},{"taxonomy":"product_brand","embeddable":true,"href":"https:\/\/stmtires.com\/es\/wp-json\/wp\/v2\/product_brand?post=191776"},{"taxonomy":"product_cat","embeddable":true,"href":"https:\/\/stmtires.com\/es\/wp-json\/wp\/v2\/product_cat?post=191776"},{"taxonomy":"product_tag","embeddable":true,"href":"https:\/\/stmtires.com\/es\/wp-json\/wp\/v2\/product_tag?post=191776"}],"curies":[{"name":"wp","href":"https:\/\/api.w.org\/{rel}","templated":true}]}}