{"id":191791,"date":"2022-05-12T10:16:08","date_gmt":"2022-05-12T15:16:08","guid":{"rendered":"https:\/\/website.dev.stmtires.com\/shop\/sin categor\u00eda\/205-50r15-xp-2000-v4\/"},"modified":"2022-05-12T10:16:08","modified_gmt":"2022-05-12T15:16:08","slug":"205-50r15-xp-2000-v4-2","status":"publish","type":"product","link":"https:\/\/stmtires.com\/es\/shop\/tires\/205-50r15-xp-2000-v4-2\/","title":{"rendered":"205\/50R15 XP 2000 V4"},"content":{"rendered":"<p>El XP 2000 V4 combina las excelentes caracter\u00edsticas de manejo de un neum\u00e1tico de alto rendimiento con una banda de rodadura para todas las estaciones, lo que lo convierte en uno de los neum\u00e1ticos m\u00e1s populares de nuestra serie de rendimiento.<\/p>\n","protected":false},"excerpt":{"rendered":"<p>El XP 2000 V4 combina las excelentes caracter\u00edsticas de manejo de un neum\u00e1tico de alto rendimiento con una banda de rodadura para todas las estaciones, lo que lo convierte en uno de los neum\u00e1ticos m\u00e1s populares de nuestra serie de rendimiento.<\/p>\n","protected":false},"featured_media":0,"comment_status":"open","ping_status":"closed","template":"","meta":{"_acf_changed":false,"subheading":[]},"product_model":[25288],"product_brand":[],"product_cat":[],"product_tag":[],"class_list":{"0":"post-191791","1":"product","2":"type-product","3":"status-publish","5":"product_model-xp-2000-v4-es","7":"first","8":"instock","9":"shipping-taxable","10":"purchasable","11":"product-type-simple"},"acf":[],"_links":{"self":[{"href":"https:\/\/stmtires.com\/es\/wp-json\/wp\/v2\/product\/191791","targetHints":{"allow":["GET"]}}],"collection":[{"href":"https:\/\/stmtires.com\/es\/wp-json\/wp\/v2\/product"}],"about":[{"href":"https:\/\/stmtires.com\/es\/wp-json\/wp\/v2\/types\/product"}],"replies":[{"embeddable":true,"href":"https:\/\/stmtires.com\/es\/wp-json\/wp\/v2\/comments?post=191791"}],"wp:attachment":[{"href":"https:\/\/stmtires.com\/es\/wp-json\/wp\/v2\/media?parent=191791"}],"wp:term":[{"taxonomy":"product_model","embeddable":true,"href":"https:\/\/stmtires.com\/es\/wp-json\/wp\/v2\/product_model?post=191791"},{"taxonomy":"product_brand","embeddable":true,"href":"https:\/\/stmtires.com\/es\/wp-json\/wp\/v2\/product_brand?post=191791"},{"taxonomy":"product_cat","embeddable":true,"href":"https:\/\/stmtires.com\/es\/wp-json\/wp\/v2\/product_cat?post=191791"},{"taxonomy":"product_tag","embeddable":true,"href":"https:\/\/stmtires.com\/es\/wp-json\/wp\/v2\/product_tag?post=191791"}],"curies":[{"name":"wp","href":"https:\/\/api.w.org\/{rel}","templated":true}]}}