{"id":191952,"date":"2022-05-12T10:21:57","date_gmt":"2022-05-12T15:21:57","guid":{"rendered":"https:\/\/website.dev.stmtires.com\/shop\/sin categor\u00eda\/305-85r22-5-j-xzu-3\/"},"modified":"2022-05-12T10:21:57","modified_gmt":"2022-05-12T15:21:57","slug":"305-85r22-5-j-xzu-3-2","status":"publish","type":"product","link":"https:\/\/stmtires.com\/es\/shop\/michelin-es\/305-85r22-5-j-xzu-3-2\/","title":{"rendered":"305\/85R22.5 J XZU 3"},"content":{"rendered":"<p>Cami\u00f3n\/Autob\u00fas Comercial. Neum\u00e1tico radial de posici\u00f3n completa para camiones de servicio mediano para operaciones que implican paradas y arranques frecuentes en aplicaciones urbanas.<\/p>\n","protected":false},"excerpt":{"rendered":"<p>Cami\u00f3n\/Autob\u00fas Comercial. Neum\u00e1tico radial de posici\u00f3n completa para camiones de servicio mediano para operaciones que implican paradas y arranques frecuentes en aplicaciones urbanas.<\/p>\n","protected":false},"featured_media":0,"comment_status":"open","ping_status":"closed","template":"","meta":{"_acf_changed":false,"subheading":[]},"product_model":[25309],"product_brand":[15734],"product_cat":[19321],"product_tag":[],"class_list":{"0":"post-191952","1":"product","2":"type-product","3":"status-publish","5":"product_model-xzu3-es","6":"product_brand-michelin-es","7":"product_cat-conducir-es","8":"pa_tire-size-305-85r22-5-es","10":"first","11":"instock","12":"shipping-taxable","13":"purchasable","14":"product-type-simple"},"acf":[],"_links":{"self":[{"href":"https:\/\/stmtires.com\/es\/wp-json\/wp\/v2\/product\/191952","targetHints":{"allow":["GET"]}}],"collection":[{"href":"https:\/\/stmtires.com\/es\/wp-json\/wp\/v2\/product"}],"about":[{"href":"https:\/\/stmtires.com\/es\/wp-json\/wp\/v2\/types\/product"}],"replies":[{"embeddable":true,"href":"https:\/\/stmtires.com\/es\/wp-json\/wp\/v2\/comments?post=191952"}],"wp:attachment":[{"href":"https:\/\/stmtires.com\/es\/wp-json\/wp\/v2\/media?parent=191952"}],"wp:term":[{"taxonomy":"product_model","embeddable":true,"href":"https:\/\/stmtires.com\/es\/wp-json\/wp\/v2\/product_model?post=191952"},{"taxonomy":"product_brand","embeddable":true,"href":"https:\/\/stmtires.com\/es\/wp-json\/wp\/v2\/product_brand?post=191952"},{"taxonomy":"product_cat","embeddable":true,"href":"https:\/\/stmtires.com\/es\/wp-json\/wp\/v2\/product_cat?post=191952"},{"taxonomy":"product_tag","embeddable":true,"href":"https:\/\/stmtires.com\/es\/wp-json\/wp\/v2\/product_tag?post=191952"}],"curies":[{"name":"wp","href":"https:\/\/api.w.org\/{rel}","templated":true}]}}