{"id":192109,"date":"2022-05-12T12:55:00","date_gmt":"2022-05-12T17:55:00","guid":{"rendered":"https:\/\/website.dev.stmtires.com\/shop\/sin categor\u00eda\/305-85r22-5-recauchutado-premolde-xd4-de-210-mm\/"},"modified":"2022-05-12T12:55:00","modified_gmt":"2022-05-12T17:55:00","slug":"305-85r22-5-210mm-xd4-pre-molde-recauchutado","status":"publish","type":"product","link":"https:\/\/stmtires.com\/es\/shop\/tires\/305-85r22-5-210mm-xd4-pre-molde-recauchutado\/","title":{"rendered":"305\/85R22.5 RECAUCHUTADO PREMOLDE XD4 DE 210 MM"},"content":{"rendered":"<p>Posici\u00f3n de accionamiento Recauchutado de cami\u00f3n mediano comercial dise\u00f1ado para condiciones de alto torque, por ejemplo: 4&#215;2 en transporte en l\u00ednea y aplicaciones regionales.<\/p>\n","protected":false},"excerpt":{"rendered":"<p>Posici\u00f3n de accionamiento Recauchutado de cami\u00f3n mediano comercial dise\u00f1ado para condiciones de alto torque, por ejemplo: 4&#215;2 en transporte en l\u00ednea y aplicaciones regionales.<\/p>\n","protected":false},"featured_media":162586,"comment_status":"open","ping_status":"closed","template":"","meta":{"_acf_changed":false,"subheading":[]},"product_model":[22376],"product_brand":[],"product_cat":[19253],"product_tag":[],"class_list":{"0":"post-192109","1":"product","2":"type-product","3":"status-publish","4":"has-post-thumbnail","6":"product_model-xd4-pre-mold-retread-es-2","7":"product_cat-uncategorized","9":"first","10":"instock","11":"shipping-taxable","12":"purchasable","13":"product-type-simple"},"acf":[],"_links":{"self":[{"href":"https:\/\/stmtires.com\/es\/wp-json\/wp\/v2\/product\/192109","targetHints":{"allow":["GET"]}}],"collection":[{"href":"https:\/\/stmtires.com\/es\/wp-json\/wp\/v2\/product"}],"about":[{"href":"https:\/\/stmtires.com\/es\/wp-json\/wp\/v2\/types\/product"}],"replies":[{"embeddable":true,"href":"https:\/\/stmtires.com\/es\/wp-json\/wp\/v2\/comments?post=192109"}],"wp:featuredmedia":[{"embeddable":true,"href":"https:\/\/stmtires.com\/es\/wp-json\/wp\/v2\/media\/162586"}],"wp:attachment":[{"href":"https:\/\/stmtires.com\/es\/wp-json\/wp\/v2\/media?parent=192109"}],"wp:term":[{"taxonomy":"product_model","embeddable":true,"href":"https:\/\/stmtires.com\/es\/wp-json\/wp\/v2\/product_model?post=192109"},{"taxonomy":"product_brand","embeddable":true,"href":"https:\/\/stmtires.com\/es\/wp-json\/wp\/v2\/product_brand?post=192109"},{"taxonomy":"product_cat","embeddable":true,"href":"https:\/\/stmtires.com\/es\/wp-json\/wp\/v2\/product_cat?post=192109"},{"taxonomy":"product_tag","embeddable":true,"href":"https:\/\/stmtires.com\/es\/wp-json\/wp\/v2\/product_tag?post=192109"}],"curies":[{"name":"wp","href":"https:\/\/api.w.org\/{rel}","templated":true}]}}