{"id":192515,"date":"2022-05-12T15:52:26","date_gmt":"2022-05-12T20:52:26","guid":{"rendered":"https:\/\/website.dev.stmtires.com\/shop\/sin categor\u00eda\/305-70r19-5-j-r227f\/"},"modified":"2022-05-12T15:52:26","modified_gmt":"2022-05-12T20:52:26","slug":"305-70r19-5-j-r227f-2","status":"publish","type":"product","link":"https:\/\/stmtires.com\/es\/shop\/bridgestone-es\/305-70r19-5-j-r227f-2\/","title":{"rendered":"305\/70R19.5 J R227F"},"content":{"rendered":"<p>Cami\u00f3n\/Autob\u00fas Comercial. Neum\u00e1tico radial de posici\u00f3n completa para camiones de servicio mediano recomendado para aplicaciones de direcci\u00f3n en servicio de larga distancia y servicio de transporte regional.<\/p>\n","protected":false},"excerpt":{"rendered":"<p>Cami\u00f3n\/Autob\u00fas Comercial. Neum\u00e1tico radial de posici\u00f3n completa para camiones de servicio mediano recomendado para aplicaciones de direcci\u00f3n en servicio de larga distancia y servicio de transporte regional.<\/p>\n","protected":false},"featured_media":221940,"comment_status":"open","ping_status":"closed","template":"","meta":{"_acf_changed":false,"subheading":[]},"product_model":[25862],"product_brand":[],"product_cat":[19286,19321,19289,19332,19323,19316,19253],"product_tag":[],"class_list":{"0":"post-192515","1":"product","2":"type-product","3":"status-publish","4":"has-post-thumbnail","6":"product_model-r227f-es","7":"product_cat-camion-autobus-comercial","8":"product_cat-conducir-es","9":"product_cat-radial-es","10":"product_cat-servicio-regional","11":"product_cat-smartway-en-ingles","12":"product_cat-todas-las-posiciones","13":"product_cat-uncategorized","14":"pa_tire-size-305-70r19-5-es","16":"first","17":"instock","18":"shipping-taxable","19":"purchasable","20":"product-type-simple"},"acf":[],"_links":{"self":[{"href":"https:\/\/stmtires.com\/es\/wp-json\/wp\/v2\/product\/192515","targetHints":{"allow":["GET"]}}],"collection":[{"href":"https:\/\/stmtires.com\/es\/wp-json\/wp\/v2\/product"}],"about":[{"href":"https:\/\/stmtires.com\/es\/wp-json\/wp\/v2\/types\/product"}],"replies":[{"embeddable":true,"href":"https:\/\/stmtires.com\/es\/wp-json\/wp\/v2\/comments?post=192515"}],"wp:featuredmedia":[{"embeddable":true,"href":"https:\/\/stmtires.com\/es\/wp-json\/wp\/v2\/media\/221940"}],"wp:attachment":[{"href":"https:\/\/stmtires.com\/es\/wp-json\/wp\/v2\/media?parent=192515"}],"wp:term":[{"taxonomy":"product_model","embeddable":true,"href":"https:\/\/stmtires.com\/es\/wp-json\/wp\/v2\/product_model?post=192515"},{"taxonomy":"product_brand","embeddable":true,"href":"https:\/\/stmtires.com\/es\/wp-json\/wp\/v2\/product_brand?post=192515"},{"taxonomy":"product_cat","embeddable":true,"href":"https:\/\/stmtires.com\/es\/wp-json\/wp\/v2\/product_cat?post=192515"},{"taxonomy":"product_tag","embeddable":true,"href":"https:\/\/stmtires.com\/es\/wp-json\/wp\/v2\/product_tag?post=192515"}],"curies":[{"name":"wp","href":"https:\/\/api.w.org\/{rel}","templated":true}]}}