{"id":193514,"date":"2022-05-12T15:28:10","date_gmt":"2022-05-12T20:28:10","guid":{"rendered":"https:\/\/website.dev.stmtires.com\/shop\/sin categor\u00eda\/295-75r22-5-ry637\/"},"modified":"2022-05-12T15:28:10","modified_gmt":"2022-05-12T20:28:10","slug":"295-75r22-5-ry637-2","status":"publish","type":"product","link":"https:\/\/stmtires.com\/es\/shop\/yokohama\/295-75r22-5-ry637-2\/","title":{"rendered":"295\/75R22.5 RY637"},"content":{"rendered":"<p>Cami\u00f3n\/Autob\u00fas Comercial. Neum\u00e1tico de eje de direcci\u00f3n radial de cami\u00f3n de servicio mediano adecuado para aplicaciones de larga distancia.<\/p>\n","protected":false},"excerpt":{"rendered":"<p>Cami\u00f3n\/Autob\u00fas Comercial. Neum\u00e1tico de eje de direcci\u00f3n radial de cami\u00f3n de servicio mediano adecuado para aplicaciones de larga distancia.<\/p>\n","protected":false},"featured_media":222904,"comment_status":"open","ping_status":"closed","template":"","meta":{"_acf_changed":false,"subheading":[]},"product_model":[25731],"product_brand":[54],"product_cat":[19286,19321,19289,19253],"product_tag":[],"class_list":{"0":"post-193514","1":"product","2":"type-product","3":"status-publish","4":"has-post-thumbnail","6":"product_model-ry637-es","7":"product_brand-yokohama","8":"product_cat-camion-autobus-comercial","9":"product_cat-conducir-es","10":"product_cat-radial-es","11":"product_cat-uncategorized","12":"pa_tire-size-295-75r22-5-es","14":"first","15":"instock","16":"shipping-taxable","17":"purchasable","18":"product-type-simple"},"acf":[],"_links":{"self":[{"href":"https:\/\/stmtires.com\/es\/wp-json\/wp\/v2\/product\/193514","targetHints":{"allow":["GET"]}}],"collection":[{"href":"https:\/\/stmtires.com\/es\/wp-json\/wp\/v2\/product"}],"about":[{"href":"https:\/\/stmtires.com\/es\/wp-json\/wp\/v2\/types\/product"}],"replies":[{"embeddable":true,"href":"https:\/\/stmtires.com\/es\/wp-json\/wp\/v2\/comments?post=193514"}],"wp:featuredmedia":[{"embeddable":true,"href":"https:\/\/stmtires.com\/es\/wp-json\/wp\/v2\/media\/222904"}],"wp:attachment":[{"href":"https:\/\/stmtires.com\/es\/wp-json\/wp\/v2\/media?parent=193514"}],"wp:term":[{"taxonomy":"product_model","embeddable":true,"href":"https:\/\/stmtires.com\/es\/wp-json\/wp\/v2\/product_model?post=193514"},{"taxonomy":"product_brand","embeddable":true,"href":"https:\/\/stmtires.com\/es\/wp-json\/wp\/v2\/product_brand?post=193514"},{"taxonomy":"product_cat","embeddable":true,"href":"https:\/\/stmtires.com\/es\/wp-json\/wp\/v2\/product_cat?post=193514"},{"taxonomy":"product_tag","embeddable":true,"href":"https:\/\/stmtires.com\/es\/wp-json\/wp\/v2\/product_tag?post=193514"}],"curies":[{"name":"wp","href":"https:\/\/api.w.org\/{rel}","templated":true}]}}