{"id":193827,"date":"2022-05-12T10:40:54","date_gmt":"2022-05-12T15:40:54","guid":{"rendered":"https:\/\/website.dev.stmtires.com\/shop\/sin categor\u00eda\/295-75r225-g-fs590-plus\/"},"modified":"2022-05-12T10:40:54","modified_gmt":"2022-05-12T15:40:54","slug":"295-75r22-5-g-fs590-plus-2","status":"publish","type":"product","link":"https:\/\/stmtires.com\/es\/shop\/firestone-es\/295-75r22-5-g-fs590-plus-2\/","title":{"rendered":"295\/75R22,5 G FS590 PLUS"},"content":{"rendered":"<p>Cami\u00f3n de servicio mediano Premium Radial Steer \/ Neum\u00e1tico de posici\u00f3n completa dise\u00f1ado para aplicaciones de novillo en larga distancia y servicio regional.<\/p>\n","protected":false},"excerpt":{"rendered":"<p>Cami\u00f3n de servicio mediano Premium Radial Steer \/ Neum\u00e1tico de posici\u00f3n completa dise\u00f1ado para aplicaciones de novillo en larga distancia y servicio regional.<\/p>\n","protected":false},"featured_media":225804,"comment_status":"open","ping_status":"closed","template":"","meta":{"_acf_changed":false,"subheading":[]},"product_model":[25531],"product_brand":[15736],"product_cat":[19321,19289,19332,19316,19253],"product_tag":[],"class_list":{"0":"post-193827","1":"product","2":"type-product","3":"status-publish","4":"has-post-thumbnail","6":"product_model-fs590-plus-es","7":"product_brand-firestone-es","8":"product_cat-conducir-es","9":"product_cat-radial-es","10":"product_cat-servicio-regional","11":"product_cat-todas-las-posiciones","12":"product_cat-uncategorized","13":"pa_tire-size-295-75r22-5-es","15":"first","16":"instock","17":"shipping-taxable","18":"purchasable","19":"product-type-simple"},"acf":[],"_links":{"self":[{"href":"https:\/\/stmtires.com\/es\/wp-json\/wp\/v2\/product\/193827","targetHints":{"allow":["GET"]}}],"collection":[{"href":"https:\/\/stmtires.com\/es\/wp-json\/wp\/v2\/product"}],"about":[{"href":"https:\/\/stmtires.com\/es\/wp-json\/wp\/v2\/types\/product"}],"replies":[{"embeddable":true,"href":"https:\/\/stmtires.com\/es\/wp-json\/wp\/v2\/comments?post=193827"}],"wp:featuredmedia":[{"embeddable":true,"href":"https:\/\/stmtires.com\/es\/wp-json\/wp\/v2\/media\/225804"}],"wp:attachment":[{"href":"https:\/\/stmtires.com\/es\/wp-json\/wp\/v2\/media?parent=193827"}],"wp:term":[{"taxonomy":"product_model","embeddable":true,"href":"https:\/\/stmtires.com\/es\/wp-json\/wp\/v2\/product_model?post=193827"},{"taxonomy":"product_brand","embeddable":true,"href":"https:\/\/stmtires.com\/es\/wp-json\/wp\/v2\/product_brand?post=193827"},{"taxonomy":"product_cat","embeddable":true,"href":"https:\/\/stmtires.com\/es\/wp-json\/wp\/v2\/product_cat?post=193827"},{"taxonomy":"product_tag","embeddable":true,"href":"https:\/\/stmtires.com\/es\/wp-json\/wp\/v2\/product_tag?post=193827"}],"curies":[{"name":"wp","href":"https:\/\/api.w.org\/{rel}","templated":true}]}}