{"id":193846,"date":"2022-05-12T11:46:29","date_gmt":"2022-05-12T16:46:29","guid":{"rendered":"https:\/\/website.dev.stmtires.com\/shop\/sin categor\u00eda\/295-75r225-g-m657\/"},"modified":"2022-05-12T11:46:29","modified_gmt":"2022-05-12T16:46:29","slug":"295-75r22-5-g-m657-2","status":"publish","type":"product","link":"https:\/\/stmtires.com\/es\/shop\/toyo-es\/295-75r22-5-g-m657-2\/","title":{"rendered":"295\/75R22,5 G M657"},"content":{"rendered":"<p>Cami\u00f3n\/Autob\u00fas Comercial. SmartWay Verified Medium-Duty Truck Drive Axle Position Neum\u00e1tico radial dise\u00f1ado para aplicaciones regionales a de larga distancia donde se requiere una alta resistencia al desgaste irregular.<\/p>\n","protected":false},"excerpt":{"rendered":"<p>Cami\u00f3n\/Autob\u00fas Comercial. SmartWay Verified Medium-Duty Truck Drive Axle Position Neum\u00e1tico radial dise\u00f1ado para aplicaciones regionales a de larga distancia donde se requiere una alta resistencia al desgaste irregular.<\/p>\n","protected":false},"featured_media":224893,"comment_status":"open","ping_status":"closed","template":"","meta":{"_acf_changed":false,"subheading":[]},"product_model":[25614],"product_brand":[15760],"product_cat":[19241,19286,19288,19242,25986,19289,19332,19323,19259,19253],"product_tag":[],"class_list":{"0":"post-193846","1":"product","2":"type-product","3":"status-publish","4":"has-post-thumbnail","6":"product_model-m657-es","7":"product_brand-toyo-es","8":"product_cat-camion-ligero-de-pasajeros-suv","9":"product_cat-camion-autobus-comercial","10":"product_cat-conducir","11":"product_cat-equipo-original-oe","12":"product_cat-luz-de-pasajero","13":"product_cat-radial-es","14":"product_cat-servicio-regional","15":"product_cat-smartway-en-ingles","16":"product_cat-todo-terreno-a-t","17":"product_cat-uncategorized","18":"pa_tire-size-295-75r22-5-es","20":"first","21":"instock","22":"shipping-taxable","23":"purchasable","24":"product-type-simple"},"acf":[],"_links":{"self":[{"href":"https:\/\/stmtires.com\/es\/wp-json\/wp\/v2\/product\/193846","targetHints":{"allow":["GET"]}}],"collection":[{"href":"https:\/\/stmtires.com\/es\/wp-json\/wp\/v2\/product"}],"about":[{"href":"https:\/\/stmtires.com\/es\/wp-json\/wp\/v2\/types\/product"}],"replies":[{"embeddable":true,"href":"https:\/\/stmtires.com\/es\/wp-json\/wp\/v2\/comments?post=193846"}],"wp:featuredmedia":[{"embeddable":true,"href":"https:\/\/stmtires.com\/es\/wp-json\/wp\/v2\/media\/224893"}],"wp:attachment":[{"href":"https:\/\/stmtires.com\/es\/wp-json\/wp\/v2\/media?parent=193846"}],"wp:term":[{"taxonomy":"product_model","embeddable":true,"href":"https:\/\/stmtires.com\/es\/wp-json\/wp\/v2\/product_model?post=193846"},{"taxonomy":"product_brand","embeddable":true,"href":"https:\/\/stmtires.com\/es\/wp-json\/wp\/v2\/product_brand?post=193846"},{"taxonomy":"product_cat","embeddable":true,"href":"https:\/\/stmtires.com\/es\/wp-json\/wp\/v2\/product_cat?post=193846"},{"taxonomy":"product_tag","embeddable":true,"href":"https:\/\/stmtires.com\/es\/wp-json\/wp\/v2\/product_tag?post=193846"}],"curies":[{"name":"wp","href":"https:\/\/api.w.org\/{rel}","templated":true}]}}