{"id":193907,"date":"2022-05-12T16:01:53","date_gmt":"2022-05-12T21:01:53","guid":{"rendered":"https:\/\/website.dev.stmtires.com\/shop\/sin categor\u00eda\/205-55r16-potenza-re970as-pole-position\/"},"modified":"2022-06-08T03:08:18","modified_gmt":"2022-06-08T08:08:18","slug":"205-55r16-potenza-re970as-pole-position-2","status":"publish","type":"product","link":"https:\/\/stmtires.com\/es\/shop\/bridgestone-es\/205-55r16-potenza-re970as-pole-position-2\/","title":{"rendered":"205\/55R16 POTENZA RE970AS POLE POSITION"},"content":{"rendered":"<p>Neum\u00e1tico de autom\u00f3vil de pasajeros de ultra alto rendimiento para autom\u00f3viles deportivos sofisticados, cup\u00e9s deportivos y sedanes.<\/p>\n","protected":false},"excerpt":{"rendered":"<p>Neum\u00e1tico de autom\u00f3vil de pasajeros de ultra alto rendimiento para autom\u00f3viles deportivos sofisticados, cup\u00e9s deportivos y sedanes.<\/p>\n","protected":false},"featured_media":0,"comment_status":"open","ping_status":"closed","template":"","meta":{"_acf_changed":false,"subheading":[]},"product_model":[25804],"product_brand":[],"product_cat":[19264,16436,19253],"product_tag":[],"class_list":{"0":"post-193907","1":"product","2":"type-product","3":"status-publish","5":"product_model-potenza-re970as-pole-position-es","6":"product_cat-alto-rendimiento-hp","7":"product_cat-rendimiento-ultra-alto-uhp","8":"product_cat-uncategorized","9":"pa_tire-size-205-55r16-es","11":"first","12":"instock","13":"shipping-taxable","14":"purchasable","15":"product-type-simple"},"acf":[],"_links":{"self":[{"href":"https:\/\/stmtires.com\/es\/wp-json\/wp\/v2\/product\/193907","targetHints":{"allow":["GET"]}}],"collection":[{"href":"https:\/\/stmtires.com\/es\/wp-json\/wp\/v2\/product"}],"about":[{"href":"https:\/\/stmtires.com\/es\/wp-json\/wp\/v2\/types\/product"}],"replies":[{"embeddable":true,"href":"https:\/\/stmtires.com\/es\/wp-json\/wp\/v2\/comments?post=193907"}],"wp:attachment":[{"href":"https:\/\/stmtires.com\/es\/wp-json\/wp\/v2\/media?parent=193907"}],"wp:term":[{"taxonomy":"product_model","embeddable":true,"href":"https:\/\/stmtires.com\/es\/wp-json\/wp\/v2\/product_model?post=193907"},{"taxonomy":"product_brand","embeddable":true,"href":"https:\/\/stmtires.com\/es\/wp-json\/wp\/v2\/product_brand?post=193907"},{"taxonomy":"product_cat","embeddable":true,"href":"https:\/\/stmtires.com\/es\/wp-json\/wp\/v2\/product_cat?post=193907"},{"taxonomy":"product_tag","embeddable":true,"href":"https:\/\/stmtires.com\/es\/wp-json\/wp\/v2\/product_tag?post=193907"}],"curies":[{"name":"wp","href":"https:\/\/api.w.org\/{rel}","templated":true}]}}