{"id":193939,"date":"2022-05-12T11:52:25","date_gmt":"2022-05-12T16:52:25","guid":{"rendered":"https:\/\/website.dev.stmtires.com\/shop\/sin categor\u00eda\/205-55r16-primacia-3-st\/"},"modified":"2022-05-12T11:52:25","modified_gmt":"2022-05-12T16:52:25","slug":"205-55r16-primacia-3-st","status":"publish","type":"product","link":"https:\/\/stmtires.com\/es\/shop\/michelin-es\/205-55r16-primacia-3-st\/","title":{"rendered":"205\/55R16 PRIMAC\u00cdA 3 ST"},"content":{"rendered":"<p>Los neum\u00e1ticos para turismos Primacy 3 ST con MICHELIN Total Performance ofrecen una experiencia de conducci\u00f3n silenciosa, m\u00e1s c\u00f3moda y segura sin comprometer la longevidad.<\/p>\n","protected":false},"excerpt":{"rendered":"<p>Los neum\u00e1ticos para turismos Primacy 3 ST con MICHELIN Total Performance ofrecen una experiencia de conducci\u00f3n silenciosa, m\u00e1s c\u00f3moda y segura sin comprometer la longevidad.<\/p>\n","protected":false},"featured_media":0,"comment_status":"open","ping_status":"closed","template":"","meta":{"_acf_changed":false,"subheading":[]},"product_model":[25620],"product_brand":[15734],"product_cat":[25986,19253],"product_tag":[],"class_list":{"0":"post-193939","1":"product","2":"type-product","3":"status-publish","5":"product_model-primacy-3-st-es","6":"product_brand-michelin-es","7":"product_cat-luz-de-pasajero","8":"product_cat-uncategorized","9":"pa_tire-size-205-55r16-es","11":"first","12":"instock","13":"shipping-taxable","14":"purchasable","15":"product-type-simple"},"acf":[],"_links":{"self":[{"href":"https:\/\/stmtires.com\/es\/wp-json\/wp\/v2\/product\/193939","targetHints":{"allow":["GET"]}}],"collection":[{"href":"https:\/\/stmtires.com\/es\/wp-json\/wp\/v2\/product"}],"about":[{"href":"https:\/\/stmtires.com\/es\/wp-json\/wp\/v2\/types\/product"}],"replies":[{"embeddable":true,"href":"https:\/\/stmtires.com\/es\/wp-json\/wp\/v2\/comments?post=193939"}],"wp:attachment":[{"href":"https:\/\/stmtires.com\/es\/wp-json\/wp\/v2\/media?parent=193939"}],"wp:term":[{"taxonomy":"product_model","embeddable":true,"href":"https:\/\/stmtires.com\/es\/wp-json\/wp\/v2\/product_model?post=193939"},{"taxonomy":"product_brand","embeddable":true,"href":"https:\/\/stmtires.com\/es\/wp-json\/wp\/v2\/product_brand?post=193939"},{"taxonomy":"product_cat","embeddable":true,"href":"https:\/\/stmtires.com\/es\/wp-json\/wp\/v2\/product_cat?post=193939"},{"taxonomy":"product_tag","embeddable":true,"href":"https:\/\/stmtires.com\/es\/wp-json\/wp\/v2\/product_tag?post=193939"}],"curies":[{"name":"wp","href":"https:\/\/api.w.org\/{rel}","templated":true}]}}