{"id":193940,"date":"2022-05-12T11:48:10","date_gmt":"2022-05-12T16:48:10","guid":{"rendered":"https:\/\/website.dev.stmtires.com\/shop\/sin categor\u00eda\/295-75r225-g-fd691\/"},"modified":"2022-05-12T11:48:10","modified_gmt":"2022-05-12T16:48:10","slug":"295-75r22-5-g-fd691-2","status":"publish","type":"product","link":"https:\/\/stmtires.com\/es\/shop\/firestone-es\/295-75r22-5-g-fd691-2\/","title":{"rendered":"295\/75R22,5 G FD691"},"content":{"rendered":"<p>Cami\u00f3n\/Autob\u00fas Comercial. SmartWay Verified Medium-Duty Truck Closed Shoulder Tandem Axle Drive neum\u00e1tico dise\u00f1ado para el servicio de larga distancia y de transporte regional.<\/p>\n","protected":false},"excerpt":{"rendered":"<p>Cami\u00f3n\/Autob\u00fas Comercial. SmartWay Verified Medium-Duty Truck Closed Shoulder Tandem Axle Drive neum\u00e1tico dise\u00f1ado para el servicio de larga distancia y de transporte regional.<\/p>\n","protected":false},"featured_media":225851,"comment_status":"open","ping_status":"closed","template":"","meta":{"_acf_changed":false,"subheading":[]},"product_model":[25647],"product_brand":[15736],"product_cat":[19286,16311,19288,19330,19332,19323,19253],"product_tag":[],"class_list":{"0":"post-193940","1":"product","2":"type-product","3":"status-publish","4":"has-post-thumbnail","6":"product_model-fd691-es","7":"product_brand-firestone-es","8":"product_cat-camion-autobus-comercial","9":"product_cat-closed-shoulder","10":"product_cat-conducir","11":"product_cat-hombro-cerrado","12":"product_cat-servicio-regional","13":"product_cat-smartway-en-ingles","14":"product_cat-uncategorized","15":"pa_tire-size-295-75r22-5-es","17":"first","18":"instock","19":"shipping-taxable","20":"purchasable","21":"product-type-simple"},"acf":[],"_links":{"self":[{"href":"https:\/\/stmtires.com\/es\/wp-json\/wp\/v2\/product\/193940","targetHints":{"allow":["GET"]}}],"collection":[{"href":"https:\/\/stmtires.com\/es\/wp-json\/wp\/v2\/product"}],"about":[{"href":"https:\/\/stmtires.com\/es\/wp-json\/wp\/v2\/types\/product"}],"replies":[{"embeddable":true,"href":"https:\/\/stmtires.com\/es\/wp-json\/wp\/v2\/comments?post=193940"}],"wp:featuredmedia":[{"embeddable":true,"href":"https:\/\/stmtires.com\/es\/wp-json\/wp\/v2\/media\/225851"}],"wp:attachment":[{"href":"https:\/\/stmtires.com\/es\/wp-json\/wp\/v2\/media?parent=193940"}],"wp:term":[{"taxonomy":"product_model","embeddable":true,"href":"https:\/\/stmtires.com\/es\/wp-json\/wp\/v2\/product_model?post=193940"},{"taxonomy":"product_brand","embeddable":true,"href":"https:\/\/stmtires.com\/es\/wp-json\/wp\/v2\/product_brand?post=193940"},{"taxonomy":"product_cat","embeddable":true,"href":"https:\/\/stmtires.com\/es\/wp-json\/wp\/v2\/product_cat?post=193940"},{"taxonomy":"product_tag","embeddable":true,"href":"https:\/\/stmtires.com\/es\/wp-json\/wp\/v2\/product_tag?post=193940"}],"curies":[{"name":"wp","href":"https:\/\/api.w.org\/{rel}","templated":true}]}}