{"id":193948,"date":"2022-05-12T15:50:13","date_gmt":"2022-05-12T20:50:13","guid":{"rendered":"https:\/\/website.dev.stmtires.com\/shop\/sin categor\u00eda\/295-75r22-5-g-drive-radial-deep-skid\/"},"modified":"2022-05-12T15:50:13","modified_gmt":"2022-05-12T20:50:13","slug":"295-75r22-5-g-drive-radial-deep-skid-2","status":"publish","type":"product","link":"https:\/\/stmtires.com\/es\/shop\/dayton\/295-75r22-5-g-drive-radial-deep-skid-2\/","title":{"rendered":"295\/75R22.5 G DRIVE RADIAL DEEP SKID"},"content":{"rendered":"<p>Neum\u00e1tico de cami\u00f3n radial de servicio medio de eje motriz dise\u00f1ado para aplicaciones de alto lavado en servicio de larga y regional distancia y P&amp;D.<\/p>\n","protected":false},"excerpt":{"rendered":"<p>Neum\u00e1tico de cami\u00f3n radial de servicio medio de eje motriz dise\u00f1ado para aplicaciones de alto lavado en servicio de larga y regional distancia y P&amp;D.<\/p>\n","protected":false},"featured_media":221218,"comment_status":"open","ping_status":"closed","template":"","meta":{"_acf_changed":false,"subheading":[]},"product_model":[25820],"product_brand":[77],"product_cat":[19286,19288,19289,16266,19332,19253],"product_tag":[],"class_list":{"0":"post-193948","1":"product","2":"type-product","3":"status-publish","4":"has-post-thumbnail","6":"product_model-drive-radial-deep-skid-es","7":"product_brand-dayton","8":"product_cat-camion-autobus-comercial","9":"product_cat-conducir","10":"product_cat-radial-es","11":"product_cat-regional-service","12":"product_cat-servicio-regional","13":"product_cat-uncategorized","14":"pa_tire-size-295-75r22-5-es","16":"first","17":"instock","18":"shipping-taxable","19":"purchasable","20":"product-type-simple"},"acf":[],"_links":{"self":[{"href":"https:\/\/stmtires.com\/es\/wp-json\/wp\/v2\/product\/193948","targetHints":{"allow":["GET"]}}],"collection":[{"href":"https:\/\/stmtires.com\/es\/wp-json\/wp\/v2\/product"}],"about":[{"href":"https:\/\/stmtires.com\/es\/wp-json\/wp\/v2\/types\/product"}],"replies":[{"embeddable":true,"href":"https:\/\/stmtires.com\/es\/wp-json\/wp\/v2\/comments?post=193948"}],"wp:featuredmedia":[{"embeddable":true,"href":"https:\/\/stmtires.com\/es\/wp-json\/wp\/v2\/media\/221218"}],"wp:attachment":[{"href":"https:\/\/stmtires.com\/es\/wp-json\/wp\/v2\/media?parent=193948"}],"wp:term":[{"taxonomy":"product_model","embeddable":true,"href":"https:\/\/stmtires.com\/es\/wp-json\/wp\/v2\/product_model?post=193948"},{"taxonomy":"product_brand","embeddable":true,"href":"https:\/\/stmtires.com\/es\/wp-json\/wp\/v2\/product_brand?post=193948"},{"taxonomy":"product_cat","embeddable":true,"href":"https:\/\/stmtires.com\/es\/wp-json\/wp\/v2\/product_cat?post=193948"},{"taxonomy":"product_tag","embeddable":true,"href":"https:\/\/stmtires.com\/es\/wp-json\/wp\/v2\/product_tag?post=193948"}],"curies":[{"name":"wp","href":"https:\/\/api.w.org\/{rel}","templated":true}]}}