{"id":193968,"date":"2022-05-12T14:43:15","date_gmt":"2022-05-12T19:43:15","guid":{"rendered":"https:\/\/website.dev.stmtires.com\/shop\/sin categor\u00eda\/295-75r22-5-g-doble-moneda-rlb1\/"},"modified":"2022-05-12T14:43:15","modified_gmt":"2022-05-12T19:43:15","slug":"295-75r22-5-g-doble-moneda-rlb1","status":"publish","type":"product","link":"https:\/\/stmtires.com\/es\/shop\/double-coin\/295-75r22-5-g-doble-moneda-rlb1\/","title":{"rendered":"295\/75R22.5 G DOBLE MONEDA RLB1"},"content":{"rendered":"<p>Cami\u00f3n\/Autob\u00fas Comercial. Neum\u00e1tico de posici\u00f3n de accionamiento radial de hombro abierto para cami\u00f3n de servicio mediano.<\/p>\n","protected":false},"excerpt":{"rendered":"<p>Cami\u00f3n\/Autob\u00fas Comercial. Neum\u00e1tico de posici\u00f3n de accionamiento radial de hombro abierto para cami\u00f3n de servicio mediano.<\/p>\n","protected":false},"featured_media":0,"comment_status":"open","ping_status":"closed","template":"","meta":{"_acf_changed":false,"subheading":[]},"product_model":[22853],"product_brand":[103],"product_cat":[19286,19288,19310,19289],"product_tag":[],"class_list":{"0":"post-193968","1":"product","2":"type-product","3":"status-publish","5":"product_model-double-coin-rlb1-es-2","6":"product_brand-double-coin","7":"product_cat-camion-autobus-comercial","8":"product_cat-conducir","9":"product_cat-hombro-abierto","10":"product_cat-radial-es","11":"pa_tire-size-295-75r22-5-es","13":"first","14":"instock","15":"shipping-taxable","16":"purchasable","17":"product-type-simple"},"acf":[],"_links":{"self":[{"href":"https:\/\/stmtires.com\/es\/wp-json\/wp\/v2\/product\/193968","targetHints":{"allow":["GET"]}}],"collection":[{"href":"https:\/\/stmtires.com\/es\/wp-json\/wp\/v2\/product"}],"about":[{"href":"https:\/\/stmtires.com\/es\/wp-json\/wp\/v2\/types\/product"}],"replies":[{"embeddable":true,"href":"https:\/\/stmtires.com\/es\/wp-json\/wp\/v2\/comments?post=193968"}],"wp:attachment":[{"href":"https:\/\/stmtires.com\/es\/wp-json\/wp\/v2\/media?parent=193968"}],"wp:term":[{"taxonomy":"product_model","embeddable":true,"href":"https:\/\/stmtires.com\/es\/wp-json\/wp\/v2\/product_model?post=193968"},{"taxonomy":"product_brand","embeddable":true,"href":"https:\/\/stmtires.com\/es\/wp-json\/wp\/v2\/product_brand?post=193968"},{"taxonomy":"product_cat","embeddable":true,"href":"https:\/\/stmtires.com\/es\/wp-json\/wp\/v2\/product_cat?post=193968"},{"taxonomy":"product_tag","embeddable":true,"href":"https:\/\/stmtires.com\/es\/wp-json\/wp\/v2\/product_tag?post=193968"}],"curies":[{"name":"wp","href":"https:\/\/api.w.org\/{rel}","templated":true}]}}