{"id":193986,"date":"2022-05-12T15:19:57","date_gmt":"2022-05-12T20:19:57","guid":{"rendered":"https:\/\/website.dev.stmtires.com\/shop\/sin categor\u00eda\/295-75r22-5-doble-moneda-rr150\/"},"modified":"2022-05-12T15:19:57","modified_gmt":"2022-05-12T20:19:57","slug":"295-75r22-5-doble-moneda-rr150","status":"publish","type":"product","link":"https:\/\/stmtires.com\/es\/shop\/double-coin\/295-75r22-5-doble-moneda-rr150\/","title":{"rendered":"295\/75R22.5 DOBLE MONEDA RR150"},"content":{"rendered":"<p>Cami\u00f3n\/Autob\u00fas Comercial. Neum\u00e1tico multiuso radial de direcci\u00f3n de cami\u00f3n de servicio mediano \/ multiuso de posici\u00f3n completa.<\/p>\n","protected":false},"excerpt":{"rendered":"<p>Cami\u00f3n\/Autob\u00fas Comercial. Neum\u00e1tico multiuso radial de direcci\u00f3n de cami\u00f3n de servicio mediano \/ multiuso de posici\u00f3n completa.<\/p>\n","protected":false},"featured_media":221898,"comment_status":"open","ping_status":"closed","template":"","meta":{"_acf_changed":false,"subheading":[]},"product_model":[22858],"product_brand":[103],"product_cat":[19286,19321,19289,19316],"product_tag":[],"class_list":{"0":"post-193986","1":"product","2":"type-product","3":"status-publish","4":"has-post-thumbnail","6":"product_model-double-coin-rr150-es-2","7":"product_brand-double-coin","8":"product_cat-camion-autobus-comercial","9":"product_cat-conducir-es","10":"product_cat-radial-es","11":"product_cat-todas-las-posiciones","12":"pa_tire-size-295-75r22-5-es","14":"first","15":"instock","16":"shipping-taxable","17":"purchasable","18":"product-type-simple"},"acf":[],"_links":{"self":[{"href":"https:\/\/stmtires.com\/es\/wp-json\/wp\/v2\/product\/193986","targetHints":{"allow":["GET"]}}],"collection":[{"href":"https:\/\/stmtires.com\/es\/wp-json\/wp\/v2\/product"}],"about":[{"href":"https:\/\/stmtires.com\/es\/wp-json\/wp\/v2\/types\/product"}],"replies":[{"embeddable":true,"href":"https:\/\/stmtires.com\/es\/wp-json\/wp\/v2\/comments?post=193986"}],"wp:featuredmedia":[{"embeddable":true,"href":"https:\/\/stmtires.com\/es\/wp-json\/wp\/v2\/media\/221898"}],"wp:attachment":[{"href":"https:\/\/stmtires.com\/es\/wp-json\/wp\/v2\/media?parent=193986"}],"wp:term":[{"taxonomy":"product_model","embeddable":true,"href":"https:\/\/stmtires.com\/es\/wp-json\/wp\/v2\/product_model?post=193986"},{"taxonomy":"product_brand","embeddable":true,"href":"https:\/\/stmtires.com\/es\/wp-json\/wp\/v2\/product_brand?post=193986"},{"taxonomy":"product_cat","embeddable":true,"href":"https:\/\/stmtires.com\/es\/wp-json\/wp\/v2\/product_cat?post=193986"},{"taxonomy":"product_tag","embeddable":true,"href":"https:\/\/stmtires.com\/es\/wp-json\/wp\/v2\/product_tag?post=193986"}],"curies":[{"name":"wp","href":"https:\/\/api.w.org\/{rel}","templated":true}]}}