{"id":194049,"date":"2022-05-12T15:28:32","date_gmt":"2022-05-12T20:28:32","guid":{"rendered":"https:\/\/website.dev.stmtires.com\/shop\/sin categor\u00eda\/295-75r22-5-g-doble-moneda-tr100\/"},"modified":"2022-05-12T15:28:32","modified_gmt":"2022-05-12T20:28:32","slug":"295-75r22-5-g-doble-moneda-tr100","status":"publish","type":"product","link":"https:\/\/stmtires.com\/es\/shop\/double-coin\/295-75r22-5-g-doble-moneda-tr100\/","title":{"rendered":"295\/75R22.5 G DOBLE MONEDA TR100"},"content":{"rendered":"<p>Cami\u00f3n\/Autob\u00fas Comercial. Cami\u00f3n de servicio mediano Movimiento de banda de rodadura poco profunda Posici\u00f3n del remolque Neum\u00e1tico radial.<\/p>\n","protected":false},"excerpt":{"rendered":"<p>Cami\u00f3n\/Autob\u00fas Comercial. Cami\u00f3n de servicio mediano Movimiento de banda de rodadura poco profunda Posici\u00f3n del remolque Neum\u00e1tico radial.<\/p>\n","protected":false},"featured_media":0,"comment_status":"open","ping_status":"closed","template":"","meta":{"_acf_changed":false,"subheading":[]},"product_model":[25727],"product_brand":[103],"product_cat":[19286,19336,19289,19253],"product_tag":[],"class_list":{"0":"post-194049","1":"product","2":"type-product","3":"status-publish","5":"product_model-double-coin-tr100-es","6":"product_brand-double-coin","7":"product_cat-camion-autobus-comercial","8":"product_cat-posicion-del-remolque","9":"product_cat-radial-es","10":"product_cat-uncategorized","11":"pa_tire-size-295-75r22-5-es","13":"first","14":"instock","15":"shipping-taxable","16":"purchasable","17":"product-type-simple"},"acf":[],"_links":{"self":[{"href":"https:\/\/stmtires.com\/es\/wp-json\/wp\/v2\/product\/194049","targetHints":{"allow":["GET"]}}],"collection":[{"href":"https:\/\/stmtires.com\/es\/wp-json\/wp\/v2\/product"}],"about":[{"href":"https:\/\/stmtires.com\/es\/wp-json\/wp\/v2\/types\/product"}],"replies":[{"embeddable":true,"href":"https:\/\/stmtires.com\/es\/wp-json\/wp\/v2\/comments?post=194049"}],"wp:attachment":[{"href":"https:\/\/stmtires.com\/es\/wp-json\/wp\/v2\/media?parent=194049"}],"wp:term":[{"taxonomy":"product_model","embeddable":true,"href":"https:\/\/stmtires.com\/es\/wp-json\/wp\/v2\/product_model?post=194049"},{"taxonomy":"product_brand","embeddable":true,"href":"https:\/\/stmtires.com\/es\/wp-json\/wp\/v2\/product_brand?post=194049"},{"taxonomy":"product_cat","embeddable":true,"href":"https:\/\/stmtires.com\/es\/wp-json\/wp\/v2\/product_cat?post=194049"},{"taxonomy":"product_tag","embeddable":true,"href":"https:\/\/stmtires.com\/es\/wp-json\/wp\/v2\/product_tag?post=194049"}],"curies":[{"name":"wp","href":"https:\/\/api.w.org\/{rel}","templated":true}]}}