{"id":194133,"date":"2022-05-12T15:19:15","date_gmt":"2022-05-12T20:19:15","guid":{"rendered":"https:\/\/website.dev.stmtires.com\/shop\/sin categor\u00eda\/205-55r16-turanza-el42-run-flat-oe\/"},"modified":"2022-05-12T15:19:15","modified_gmt":"2022-05-12T20:19:15","slug":"205-55r16-turanza-el42-run-flat-oe-2","status":"publish","type":"product","link":"https:\/\/stmtires.com\/es\/shop\/bridgestone-es\/205-55r16-turanza-el42-run-flat-oe-2\/","title":{"rendered":"205\/55R16 TURANZA EL42 RUN FLAT OE (*)"},"content":{"rendered":"<p>Neum\u00e1tico de turismo para autom\u00f3viles de pasajeros de todas las estaciones para su uso en cup\u00e9s deportivos, sedanes de lujo, as\u00ed como CUV y minivans familiares. Neum\u00e1tico de equipo original (OE) en veh\u00edculos seleccionados. Tecnolog\u00eda Run Flat disponible en tama\u00f1os seleccionados.<\/p>\n","protected":false},"excerpt":{"rendered":"<p>Neum\u00e1tico de turismo para autom\u00f3viles de pasajeros de todas las estaciones para su uso en cup\u00e9s deportivos, sedanes de lujo, as\u00ed como CUV y minivans familiares. Neum\u00e1tico de equipo original (OE) en veh\u00edculos seleccionados. Tecnolog\u00eda Run Flat disponible en tama\u00f1os seleccionados.<\/p>\n","protected":false},"featured_media":0,"comment_status":"open","ping_status":"closed","template":"","meta":{"_acf_changed":false,"subheading":[]},"product_model":[25753],"product_brand":[],"product_cat":[19271,19242,16295],"product_tag":[],"class_list":{"0":"post-194133","1":"product","2":"type-product","3":"status-publish","5":"product_model-turanza-el42-es","6":"product_cat-corre-plano","7":"product_cat-equipo-original-oe","8":"product_cat-run-flat","9":"pa_tire-size-205-55r16-es","11":"first","12":"instock","13":"shipping-taxable","14":"purchasable","15":"product-type-simple"},"acf":[],"_links":{"self":[{"href":"https:\/\/stmtires.com\/es\/wp-json\/wp\/v2\/product\/194133","targetHints":{"allow":["GET"]}}],"collection":[{"href":"https:\/\/stmtires.com\/es\/wp-json\/wp\/v2\/product"}],"about":[{"href":"https:\/\/stmtires.com\/es\/wp-json\/wp\/v2\/types\/product"}],"replies":[{"embeddable":true,"href":"https:\/\/stmtires.com\/es\/wp-json\/wp\/v2\/comments?post=194133"}],"wp:attachment":[{"href":"https:\/\/stmtires.com\/es\/wp-json\/wp\/v2\/media?parent=194133"}],"wp:term":[{"taxonomy":"product_model","embeddable":true,"href":"https:\/\/stmtires.com\/es\/wp-json\/wp\/v2\/product_model?post=194133"},{"taxonomy":"product_brand","embeddable":true,"href":"https:\/\/stmtires.com\/es\/wp-json\/wp\/v2\/product_brand?post=194133"},{"taxonomy":"product_cat","embeddable":true,"href":"https:\/\/stmtires.com\/es\/wp-json\/wp\/v2\/product_cat?post=194133"},{"taxonomy":"product_tag","embeddable":true,"href":"https:\/\/stmtires.com\/es\/wp-json\/wp\/v2\/product_tag?post=194133"}],"curies":[{"name":"wp","href":"https:\/\/api.w.org\/{rel}","templated":true}]}}