{"id":194438,"date":"2022-05-12T12:28:28","date_gmt":"2022-05-12T17:28:28","guid":{"rendered":"https:\/\/website.dev.stmtires.com\/shop\/sin categor\u00eda\/205-55r17-xl-contipremiumcontact-2-run-flat\/"},"modified":"2022-05-12T12:28:28","modified_gmt":"2022-05-12T17:28:28","slug":"205-55r17-xl-contipremiumcontact-2-run-flat-2","status":"publish","type":"product","link":"https:\/\/stmtires.com\/es\/shop\/continental-es\/205-55r17-xl-contipremiumcontact-2-run-flat-2\/","title":{"rendered":"205\/55R17 XL CONTIPREMIUMCONTACT 2 RUN FLAT"},"content":{"rendered":"<p>Neum\u00e1tico de turismo de verano para turismos. Tecnolog\u00eda RunFlat (SSR) autoportante disponible en tama\u00f1os seleccionados.<\/p>\n","protected":false},"excerpt":{"rendered":"<p>Neum\u00e1tico de turismo de verano para turismos. Tecnolog\u00eda RunFlat (SSR) autoportante disponible en tama\u00f1os seleccionados.<\/p>\n","protected":false},"featured_media":0,"comment_status":"open","ping_status":"closed","template":"","meta":{"_acf_changed":false,"subheading":[]},"product_model":[25550],"product_brand":[15742],"product_cat":[19253],"product_tag":[],"class_list":{"0":"post-194438","1":"product","2":"type-product","3":"status-publish","5":"product_model-contipremiumcontact-2-es","6":"product_brand-continental-es","7":"product_cat-uncategorized","8":"pa_tire-size-205-55r17-es","10":"first","11":"instock","12":"shipping-taxable","13":"purchasable","14":"product-type-simple"},"acf":[],"_links":{"self":[{"href":"https:\/\/stmtires.com\/es\/wp-json\/wp\/v2\/product\/194438","targetHints":{"allow":["GET"]}}],"collection":[{"href":"https:\/\/stmtires.com\/es\/wp-json\/wp\/v2\/product"}],"about":[{"href":"https:\/\/stmtires.com\/es\/wp-json\/wp\/v2\/types\/product"}],"replies":[{"embeddable":true,"href":"https:\/\/stmtires.com\/es\/wp-json\/wp\/v2\/comments?post=194438"}],"wp:attachment":[{"href":"https:\/\/stmtires.com\/es\/wp-json\/wp\/v2\/media?parent=194438"}],"wp:term":[{"taxonomy":"product_model","embeddable":true,"href":"https:\/\/stmtires.com\/es\/wp-json\/wp\/v2\/product_model?post=194438"},{"taxonomy":"product_brand","embeddable":true,"href":"https:\/\/stmtires.com\/es\/wp-json\/wp\/v2\/product_brand?post=194438"},{"taxonomy":"product_cat","embeddable":true,"href":"https:\/\/stmtires.com\/es\/wp-json\/wp\/v2\/product_cat?post=194438"},{"taxonomy":"product_tag","embeddable":true,"href":"https:\/\/stmtires.com\/es\/wp-json\/wp\/v2\/product_tag?post=194438"}],"curies":[{"name":"wp","href":"https:\/\/api.w.org\/{rel}","templated":true}]}}