{"id":194617,"date":"2022-05-12T14:50:43","date_gmt":"2022-05-12T19:50:43","guid":{"rendered":"https:\/\/website.dev.stmtires.com\/shop\/sin categor\u00eda\/205-55zr16-potenza-s-02\/"},"modified":"2022-05-12T14:50:43","modified_gmt":"2022-05-12T19:50:43","slug":"205-55zr16-potenza-s-02-2","status":"publish","type":"product","link":"https:\/\/stmtires.com\/es\/shop\/bridgestone-es\/205-55zr16-potenza-s-02-2\/","title":{"rendered":"205\/55ZR16 POTENZA S-02"},"content":{"rendered":"<p>Neum\u00e1tico de verano para autom\u00f3viles de pasajeros de ultra alto rendimiento Desarrollado para autom\u00f3viles deportivos, cup\u00e9s y sedanes de alto rendimiento. Neum\u00e1tico de equipo original (OE) en veh\u00edculos seleccionados.<\/p>\n","protected":false},"excerpt":{"rendered":"<p>Neum\u00e1tico de verano para autom\u00f3viles de pasajeros de ultra alto rendimiento Desarrollado para autom\u00f3viles deportivos, cup\u00e9s y sedanes de alto rendimiento. Neum\u00e1tico de equipo original (OE) en veh\u00edculos seleccionados.<\/p>\n","protected":false},"featured_media":0,"comment_status":"open","ping_status":"closed","template":"","meta":{"_acf_changed":false,"subheading":[]},"product_model":[25797],"product_brand":[],"product_cat":[19264,19242,16436],"product_tag":[],"class_list":{"0":"post-194617","1":"product","2":"type-product","3":"status-publish","5":"product_model-potenza-s-02-es","6":"product_cat-alto-rendimiento-hp","7":"product_cat-equipo-original-oe","8":"product_cat-rendimiento-ultra-alto-uhp","9":"pa_tire-size-205-55r16-es","11":"first","12":"instock","13":"shipping-taxable","14":"purchasable","15":"product-type-simple"},"acf":[],"_links":{"self":[{"href":"https:\/\/stmtires.com\/es\/wp-json\/wp\/v2\/product\/194617","targetHints":{"allow":["GET"]}}],"collection":[{"href":"https:\/\/stmtires.com\/es\/wp-json\/wp\/v2\/product"}],"about":[{"href":"https:\/\/stmtires.com\/es\/wp-json\/wp\/v2\/types\/product"}],"replies":[{"embeddable":true,"href":"https:\/\/stmtires.com\/es\/wp-json\/wp\/v2\/comments?post=194617"}],"wp:attachment":[{"href":"https:\/\/stmtires.com\/es\/wp-json\/wp\/v2\/media?parent=194617"}],"wp:term":[{"taxonomy":"product_model","embeddable":true,"href":"https:\/\/stmtires.com\/es\/wp-json\/wp\/v2\/product_model?post=194617"},{"taxonomy":"product_brand","embeddable":true,"href":"https:\/\/stmtires.com\/es\/wp-json\/wp\/v2\/product_brand?post=194617"},{"taxonomy":"product_cat","embeddable":true,"href":"https:\/\/stmtires.com\/es\/wp-json\/wp\/v2\/product_cat?post=194617"},{"taxonomy":"product_tag","embeddable":true,"href":"https:\/\/stmtires.com\/es\/wp-json\/wp\/v2\/product_tag?post=194617"}],"curies":[{"name":"wp","href":"https:\/\/api.w.org\/{rel}","templated":true}]}}