{"id":194681,"date":"2022-05-12T16:17:36","date_gmt":"2022-05-12T21:17:36","guid":{"rendered":"https:\/\/website.dev.stmtires.com\/shop\/sin categor\u00eda\/29-5r29-e2a-2-tl-vkt-e-2\/"},"modified":"2022-05-12T16:17:36","modified_gmt":"2022-05-12T21:17:36","slug":"29-5r29-e2a-2-tl-vkt-e-2-2","status":"publish","type":"product","link":"https:\/\/stmtires.com\/es\/shop\/bridgestone-es\/29-5r29-e2a-2-tl-vkt-e-2-2\/","title":{"rendered":"29.5R29 (E2A) 2* TL VKT E-2"},"content":{"rendered":"<p>Neum\u00e1tico de tracci\u00f3n radial OTR E-2, G-2 y L-2 con servicio pesado, dise\u00f1o de acero para niveladoras, cargadoras y movimientos de tierras. Mejor en superficies suaves y fangosas.<\/p>\n","protected":false},"excerpt":{"rendered":"<p>Neum\u00e1tico de tracci\u00f3n radial OTR E-2, G-2 y L-2 con servicio pesado, dise\u00f1o de acero para niveladoras, cargadoras y movimientos de tierras. Mejor en superficies suaves y fangosas.<\/p>\n","protected":false},"featured_media":0,"comment_status":"open","ping_status":"closed","template":"","meta":{"_acf_changed":false,"subheading":[]},"product_model":[22926],"product_brand":[],"product_cat":[19289,19287,19253],"product_tag":[],"class_list":{"0":"post-194681","1":"product","2":"type-product","3":"status-publish","5":"product_model-vkt-v-steel-k-traction-es","6":"product_cat-radial-es","7":"product_cat-servicio-de-autopistas","8":"product_cat-uncategorized","9":"pa_tire-size-29-5r29-es","11":"first","12":"instock","13":"shipping-taxable","14":"purchasable","15":"product-type-simple"},"acf":[],"_links":{"self":[{"href":"https:\/\/stmtires.com\/es\/wp-json\/wp\/v2\/product\/194681","targetHints":{"allow":["GET"]}}],"collection":[{"href":"https:\/\/stmtires.com\/es\/wp-json\/wp\/v2\/product"}],"about":[{"href":"https:\/\/stmtires.com\/es\/wp-json\/wp\/v2\/types\/product"}],"replies":[{"embeddable":true,"href":"https:\/\/stmtires.com\/es\/wp-json\/wp\/v2\/comments?post=194681"}],"wp:attachment":[{"href":"https:\/\/stmtires.com\/es\/wp-json\/wp\/v2\/media?parent=194681"}],"wp:term":[{"taxonomy":"product_model","embeddable":true,"href":"https:\/\/stmtires.com\/es\/wp-json\/wp\/v2\/product_model?post=194681"},{"taxonomy":"product_brand","embeddable":true,"href":"https:\/\/stmtires.com\/es\/wp-json\/wp\/v2\/product_brand?post=194681"},{"taxonomy":"product_cat","embeddable":true,"href":"https:\/\/stmtires.com\/es\/wp-json\/wp\/v2\/product_cat?post=194681"},{"taxonomy":"product_tag","embeddable":true,"href":"https:\/\/stmtires.com\/es\/wp-json\/wp\/v2\/product_tag?post=194681"}],"curies":[{"name":"wp","href":"https:\/\/api.w.org\/{rel}","templated":true}]}}