{"id":194769,"date":"2022-05-12T11:43:58","date_gmt":"2022-05-12T16:43:58","guid":{"rendered":"https:\/\/website.dev.stmtires.com\/shop\/sin categor\u00eda\/29-5r35-tl-2-xts-e-3\/"},"modified":"2022-05-12T11:43:58","modified_gmt":"2022-05-12T16:43:58","slug":"29-5r35-tl-2-xts-e-3-2","status":"publish","type":"product","link":"https:\/\/stmtires.com\/es\/shop\/michelin-es\/29-5r35-tl-2-xts-e-3-2\/","title":{"rendered":"29.5R35 TL 2* XTS E-3"},"content":{"rendered":"<p>Neum\u00e1tico Radial Earthmover E-3T para rascadores de potencia media para aplicaciones que requieren la m\u00e1xima tracci\u00f3n.<\/p>\n","protected":false},"excerpt":{"rendered":"<p>Neum\u00e1tico Radial Earthmover E-3T para rascadores de potencia media para aplicaciones que requieren la m\u00e1xima tracci\u00f3n.<\/p>\n","protected":false},"featured_media":225374,"comment_status":"open","ping_status":"closed","template":"","meta":{"_acf_changed":false,"subheading":[]},"product_model":[25599],"product_brand":[15734],"product_cat":[19309,19253],"product_tag":[],"class_list":{"0":"post-194769","1":"product","2":"type-product","3":"status-publish","4":"has-post-thumbnail","6":"product_model-xts-es","7":"product_brand-michelin-es","8":"product_cat-otr-construccion","9":"product_cat-uncategorized","10":"pa_tire-size-295r35","12":"first","13":"instock","14":"shipping-taxable","15":"purchasable","16":"product-type-simple"},"acf":[],"_links":{"self":[{"href":"https:\/\/stmtires.com\/es\/wp-json\/wp\/v2\/product\/194769","targetHints":{"allow":["GET"]}}],"collection":[{"href":"https:\/\/stmtires.com\/es\/wp-json\/wp\/v2\/product"}],"about":[{"href":"https:\/\/stmtires.com\/es\/wp-json\/wp\/v2\/types\/product"}],"replies":[{"embeddable":true,"href":"https:\/\/stmtires.com\/es\/wp-json\/wp\/v2\/comments?post=194769"}],"wp:featuredmedia":[{"embeddable":true,"href":"https:\/\/stmtires.com\/es\/wp-json\/wp\/v2\/media\/225374"}],"wp:attachment":[{"href":"https:\/\/stmtires.com\/es\/wp-json\/wp\/v2\/media?parent=194769"}],"wp:term":[{"taxonomy":"product_model","embeddable":true,"href":"https:\/\/stmtires.com\/es\/wp-json\/wp\/v2\/product_model?post=194769"},{"taxonomy":"product_brand","embeddable":true,"href":"https:\/\/stmtires.com\/es\/wp-json\/wp\/v2\/product_brand?post=194769"},{"taxonomy":"product_cat","embeddable":true,"href":"https:\/\/stmtires.com\/es\/wp-json\/wp\/v2\/product_cat?post=194769"},{"taxonomy":"product_tag","embeddable":true,"href":"https:\/\/stmtires.com\/es\/wp-json\/wp\/v2\/product_tag?post=194769"}],"curies":[{"name":"wp","href":"https:\/\/api.w.org\/{rel}","templated":true}]}}