{"id":194821,"date":"2022-05-12T10:10:59","date_gmt":"2022-05-12T15:10:59","guid":{"rendered":"https:\/\/website.dev.stmtires.com\/shop\/sin categor\u00eda\/205-60r15-energia-mxv4\/"},"modified":"2022-05-12T10:10:59","modified_gmt":"2022-05-12T15:10:59","slug":"205-60r15-energia-mxv4","status":"publish","type":"product","link":"https:\/\/stmtires.com\/es\/shop\/tires\/205-60r15-energia-mxv4\/","title":{"rendered":"205\/60R15 ENERG\u00cdA MXV4"},"content":{"rendered":"<p>Neum\u00e1tico de turismo de alto rendimiento para autom\u00f3viles de pasajeros.<\/p>\n","protected":false},"excerpt":{"rendered":"<p>Neum\u00e1tico de turismo de alto rendimiento para autom\u00f3viles de pasajeros.<\/p>\n","protected":false},"featured_media":0,"comment_status":"open","ping_status":"closed","template":"","meta":{"_acf_changed":false,"subheading":[]},"product_model":[25385],"product_brand":[],"product_cat":[],"product_tag":[],"class_list":{"0":"post-194821","1":"product","2":"type-product","3":"status-publish","5":"product_model-energy-mxv4-es","7":"first","8":"instock","9":"shipping-taxable","10":"purchasable","11":"product-type-simple"},"acf":[],"_links":{"self":[{"href":"https:\/\/stmtires.com\/es\/wp-json\/wp\/v2\/product\/194821","targetHints":{"allow":["GET"]}}],"collection":[{"href":"https:\/\/stmtires.com\/es\/wp-json\/wp\/v2\/product"}],"about":[{"href":"https:\/\/stmtires.com\/es\/wp-json\/wp\/v2\/types\/product"}],"replies":[{"embeddable":true,"href":"https:\/\/stmtires.com\/es\/wp-json\/wp\/v2\/comments?post=194821"}],"wp:attachment":[{"href":"https:\/\/stmtires.com\/es\/wp-json\/wp\/v2\/media?parent=194821"}],"wp:term":[{"taxonomy":"product_model","embeddable":true,"href":"https:\/\/stmtires.com\/es\/wp-json\/wp\/v2\/product_model?post=194821"},{"taxonomy":"product_brand","embeddable":true,"href":"https:\/\/stmtires.com\/es\/wp-json\/wp\/v2\/product_brand?post=194821"},{"taxonomy":"product_cat","embeddable":true,"href":"https:\/\/stmtires.com\/es\/wp-json\/wp\/v2\/product_cat?post=194821"},{"taxonomy":"product_tag","embeddable":true,"href":"https:\/\/stmtires.com\/es\/wp-json\/wp\/v2\/product_tag?post=194821"}],"curies":[{"name":"wp","href":"https:\/\/api.w.org\/{rel}","templated":true}]}}