{"id":194919,"date":"2022-05-12T11:44:25","date_gmt":"2022-05-12T16:44:25","guid":{"rendered":"https:\/\/website.dev.stmtires.com\/shop\/sin categor\u00eda\/29-5-29-28pr-tl-srg-super-rock-grip-e-3-stc\/"},"modified":"2022-05-12T11:44:25","modified_gmt":"2022-05-12T16:44:25","slug":"29-5-29-28pr-tl-srg-super-rock-grip-e-3-stc-2","status":"publish","type":"product","link":"https:\/\/stmtires.com\/es\/shop\/firestone-es\/29-5-29-28pr-tl-srg-super-rock-grip-e-3-stc-2\/","title":{"rendered":"29.5-29 28PR TL SRG &#8211; SUPER ROCK GRIP E-3 STC"},"content":{"rendered":"<p>OTR Bias Earthmover Loader\/Dozer E-3\/L-3 Neum\u00e1tico de patr\u00f3n de banda de rodadura de roca no direccional. Se ofrece en tama\u00f1os de bases anchas. Adecuado para camiones volquete r\u00edgidos, especialidades, cargadores \/ topadoras, transportadores a horcajadas, niveladoras, raspadoras y equipos de manipuladores de contenedores.<\/p>\n","protected":false},"excerpt":{"rendered":"<p>OTR Bias Earthmover Loader\/Dozer E-3\/L-3 Neum\u00e1tico de patr\u00f3n de banda de rodadura de roca no direccional. Se ofrece en tama\u00f1os de bases anchas. Adecuado para camiones volquete r\u00edgidos, especialidades, cargadores \/ topadoras, transportadores a horcajadas, niveladoras, raspadoras y equipos de manipuladores de contenedores.<\/p>\n","protected":false},"featured_media":0,"comment_status":"open","ping_status":"closed","template":"","meta":{"_acf_changed":false,"subheading":[]},"product_model":[25665],"product_brand":[15736],"product_cat":[19288,19322,19349,19355,26129,19253],"product_tag":[],"class_list":{"0":"post-194919","1":"product","2":"type-product","3":"status-publish","5":"product_model-srg-super-rock-grip-e-3-l-3-es","6":"product_brand-firestone-es","7":"product_cat-conducir","8":"product_cat-direccional","9":"product_cat-golf-es","10":"product_cat-predisposicion","11":"product_cat-tractor-es","12":"product_cat-uncategorized","13":"pa_tire-size-29-5r29-es","15":"first","16":"instock","17":"shipping-taxable","18":"purchasable","19":"product-type-simple"},"acf":[],"_links":{"self":[{"href":"https:\/\/stmtires.com\/es\/wp-json\/wp\/v2\/product\/194919","targetHints":{"allow":["GET"]}}],"collection":[{"href":"https:\/\/stmtires.com\/es\/wp-json\/wp\/v2\/product"}],"about":[{"href":"https:\/\/stmtires.com\/es\/wp-json\/wp\/v2\/types\/product"}],"replies":[{"embeddable":true,"href":"https:\/\/stmtires.com\/es\/wp-json\/wp\/v2\/comments?post=194919"}],"wp:attachment":[{"href":"https:\/\/stmtires.com\/es\/wp-json\/wp\/v2\/media?parent=194919"}],"wp:term":[{"taxonomy":"product_model","embeddable":true,"href":"https:\/\/stmtires.com\/es\/wp-json\/wp\/v2\/product_model?post=194919"},{"taxonomy":"product_brand","embeddable":true,"href":"https:\/\/stmtires.com\/es\/wp-json\/wp\/v2\/product_brand?post=194919"},{"taxonomy":"product_cat","embeddable":true,"href":"https:\/\/stmtires.com\/es\/wp-json\/wp\/v2\/product_cat?post=194919"},{"taxonomy":"product_tag","embeddable":true,"href":"https:\/\/stmtires.com\/es\/wp-json\/wp\/v2\/product_tag?post=194919"}],"curies":[{"name":"wp","href":"https:\/\/api.w.org\/{rel}","templated":true}]}}