{"id":194935,"date":"2022-05-12T11:24:43","date_gmt":"2022-05-12T16:24:43","guid":{"rendered":"https:\/\/website.dev.stmtires.com\/shop\/sin categor\u00eda\/28l-26-h-tl-forestal-servicio-especial-severo-ls-2\/"},"modified":"2022-05-12T11:24:43","modified_gmt":"2022-05-12T16:24:43","slug":"28l-26-h-tl-forestal-especial-severo-servicio-ls-2","status":"publish","type":"product","link":"https:\/\/stmtires.com\/es\/shop\/firestone-es\/28l-26-h-tl-forestal-especial-severo-servicio-ls-2\/","title":{"rendered":"28L-26 H TL FORESTAL SERVICIO ESPECIAL SEVERO LS-2"},"content":{"rendered":"<p>Neum\u00e1tico agr\u00edcola LS-2 Logging\/Forestry Service dise\u00f1ado para satisfacer las demandas de m\u00e1quinas de alta potencia y cargas m\u00e1s pesadas.<\/p>\n","protected":false},"excerpt":{"rendered":"<p>Neum\u00e1tico agr\u00edcola LS-2 Logging\/Forestry Service dise\u00f1ado para satisfacer las demandas de m\u00e1quinas de alta potencia y cargas m\u00e1s pesadas.<\/p>\n","protected":false},"featured_media":0,"comment_status":"open","ping_status":"closed","template":"","meta":{"_acf_changed":false,"subheading":[]},"product_model":[25558],"product_brand":[15736],"product_cat":[26128,19253],"product_tag":[],"class_list":{"0":"post-194935","1":"product","2":"type-product","3":"status-publish","5":"product_model-forestry-special-severe-service-ls-2-es-2","6":"product_brand-firestone-es","7":"product_cat-agricola","8":"product_cat-uncategorized","9":"pa_tire-size-28r26-es","11":"first","12":"instock","13":"shipping-taxable","14":"purchasable","15":"product-type-simple"},"acf":[],"_links":{"self":[{"href":"https:\/\/stmtires.com\/es\/wp-json\/wp\/v2\/product\/194935","targetHints":{"allow":["GET"]}}],"collection":[{"href":"https:\/\/stmtires.com\/es\/wp-json\/wp\/v2\/product"}],"about":[{"href":"https:\/\/stmtires.com\/es\/wp-json\/wp\/v2\/types\/product"}],"replies":[{"embeddable":true,"href":"https:\/\/stmtires.com\/es\/wp-json\/wp\/v2\/comments?post=194935"}],"wp:attachment":[{"href":"https:\/\/stmtires.com\/es\/wp-json\/wp\/v2\/media?parent=194935"}],"wp:term":[{"taxonomy":"product_model","embeddable":true,"href":"https:\/\/stmtires.com\/es\/wp-json\/wp\/v2\/product_model?post=194935"},{"taxonomy":"product_brand","embeddable":true,"href":"https:\/\/stmtires.com\/es\/wp-json\/wp\/v2\/product_brand?post=194935"},{"taxonomy":"product_cat","embeddable":true,"href":"https:\/\/stmtires.com\/es\/wp-json\/wp\/v2\/product_cat?post=194935"},{"taxonomy":"product_tag","embeddable":true,"href":"https:\/\/stmtires.com\/es\/wp-json\/wp\/v2\/product_tag?post=194935"}],"curies":[{"name":"wp","href":"https:\/\/api.w.org\/{rel}","templated":true}]}}