{"id":194954,"date":"2022-05-12T10:41:16","date_gmt":"2022-05-12T15:41:16","guid":{"rendered":"https:\/\/website.dev.stmtires.com\/shop\/sin categor\u00eda\/28l-26-f-tl-todo-tractor-antideslizante-r-3\/"},"modified":"2022-05-12T10:41:16","modified_gmt":"2022-05-12T15:41:16","slug":"28l-26-f-tl-all-non-skid-tractor-r-3-2","status":"publish","type":"product","link":"https:\/\/stmtires.com\/es\/shop\/firestone-es\/28l-26-f-tl-all-non-skid-tractor-r-3-2\/","title":{"rendered":"28L-26 F TL TODO TRACTOR ANTIDESLIZANTE R-3"},"content":{"rendered":"<p>Neum\u00e1tico agr\u00edcola R-3 Bias Rear Tractor Drive con banda de rodadura de bot\u00f3n para huerto, huerto de c\u00edtricos y c\u00e9sped.<\/p>\n","protected":false},"excerpt":{"rendered":"<p>Neum\u00e1tico agr\u00edcola R-3 Bias Rear Tractor Drive con banda de rodadura de bot\u00f3n para huerto, huerto de c\u00edtricos y c\u00e9sped.<\/p>\n","protected":false},"featured_media":0,"comment_status":"open","ping_status":"closed","template":"","meta":{"_acf_changed":false,"subheading":[]},"product_model":[25507],"product_brand":[15736],"product_cat":[26128,19288,16264,19355,26129,19253],"product_tag":[],"class_list":{"0":"post-194954","1":"product","2":"type-product","3":"status-publish","5":"product_model-all-non-skid-tractor-r-3-es","6":"product_brand-firestone-es","7":"product_cat-agricola","8":"product_cat-conducir","9":"product_cat-drive","10":"product_cat-predisposicion","11":"product_cat-tractor-es","12":"product_cat-uncategorized","13":"pa_tire-size-28r26-es","15":"first","16":"instock","17":"shipping-taxable","18":"purchasable","19":"product-type-simple"},"acf":[],"_links":{"self":[{"href":"https:\/\/stmtires.com\/es\/wp-json\/wp\/v2\/product\/194954","targetHints":{"allow":["GET"]}}],"collection":[{"href":"https:\/\/stmtires.com\/es\/wp-json\/wp\/v2\/product"}],"about":[{"href":"https:\/\/stmtires.com\/es\/wp-json\/wp\/v2\/types\/product"}],"replies":[{"embeddable":true,"href":"https:\/\/stmtires.com\/es\/wp-json\/wp\/v2\/comments?post=194954"}],"wp:attachment":[{"href":"https:\/\/stmtires.com\/es\/wp-json\/wp\/v2\/media?parent=194954"}],"wp:term":[{"taxonomy":"product_model","embeddable":true,"href":"https:\/\/stmtires.com\/es\/wp-json\/wp\/v2\/product_model?post=194954"},{"taxonomy":"product_brand","embeddable":true,"href":"https:\/\/stmtires.com\/es\/wp-json\/wp\/v2\/product_brand?post=194954"},{"taxonomy":"product_cat","embeddable":true,"href":"https:\/\/stmtires.com\/es\/wp-json\/wp\/v2\/product_cat?post=194954"},{"taxonomy":"product_tag","embeddable":true,"href":"https:\/\/stmtires.com\/es\/wp-json\/wp\/v2\/product_tag?post=194954"}],"curies":[{"name":"wp","href":"https:\/\/api.w.org\/{rel}","templated":true}]}}