{"id":195151,"date":"2022-05-12T15:52:38","date_gmt":"2022-05-12T20:52:38","guid":{"rendered":"https:\/\/website.dev.stmtires.com\/shop\/sin categor\u00eda\/285-75r245-g-r196\/"},"modified":"2022-05-12T15:52:38","modified_gmt":"2022-05-12T20:52:38","slug":"285-75r24-5-g-r196-2","status":"publish","type":"product","link":"https:\/\/stmtires.com\/es\/shop\/bridgestone-es\/285-75r24-5-g-r196-2\/","title":{"rendered":"285\/75R24,5 G R196"},"content":{"rendered":"<p>Cami\u00f3n\/Autob\u00fas Comercial. Cami\u00f3n de servicio mediano All-Position High-Scrub Radial Trailer Service neum\u00e1tico. Recomendado para aplicaciones de remolques de eje extendido en: Servicio de larga distancia \/ Servicio de transporte regional y Servicio de recogida y entrega.<\/p>\n","protected":false},"excerpt":{"rendered":"<p>Cami\u00f3n\/Autob\u00fas Comercial. Cami\u00f3n de servicio mediano All-Position High-Scrub Radial Trailer Service neum\u00e1tico. Recomendado para aplicaciones de remolques de eje extendido en: Servicio de larga distancia \/ Servicio de transporte regional y Servicio de recogida y entrega.<\/p>\n","protected":false},"featured_media":221120,"comment_status":"open","ping_status":"closed","template":"","meta":{"_acf_changed":false,"subheading":[]},"product_model":[25872],"product_brand":[],"product_cat":[19286,19289,19332,19316,19253],"product_tag":[],"class_list":{"0":"post-195151","1":"product","2":"type-product","3":"status-publish","4":"has-post-thumbnail","6":"product_model-r196-es","7":"product_cat-camion-autobus-comercial","8":"product_cat-radial-es","9":"product_cat-servicio-regional","10":"product_cat-todas-las-posiciones","11":"product_cat-uncategorized","12":"pa_tire-size-285-75r24-5-es","14":"first","15":"instock","16":"shipping-taxable","17":"purchasable","18":"product-type-simple"},"acf":[],"_links":{"self":[{"href":"https:\/\/stmtires.com\/es\/wp-json\/wp\/v2\/product\/195151","targetHints":{"allow":["GET"]}}],"collection":[{"href":"https:\/\/stmtires.com\/es\/wp-json\/wp\/v2\/product"}],"about":[{"href":"https:\/\/stmtires.com\/es\/wp-json\/wp\/v2\/types\/product"}],"replies":[{"embeddable":true,"href":"https:\/\/stmtires.com\/es\/wp-json\/wp\/v2\/comments?post=195151"}],"wp:featuredmedia":[{"embeddable":true,"href":"https:\/\/stmtires.com\/es\/wp-json\/wp\/v2\/media\/221120"}],"wp:attachment":[{"href":"https:\/\/stmtires.com\/es\/wp-json\/wp\/v2\/media?parent=195151"}],"wp:term":[{"taxonomy":"product_model","embeddable":true,"href":"https:\/\/stmtires.com\/es\/wp-json\/wp\/v2\/product_model?post=195151"},{"taxonomy":"product_brand","embeddable":true,"href":"https:\/\/stmtires.com\/es\/wp-json\/wp\/v2\/product_brand?post=195151"},{"taxonomy":"product_cat","embeddable":true,"href":"https:\/\/stmtires.com\/es\/wp-json\/wp\/v2\/product_cat?post=195151"},{"taxonomy":"product_tag","embeddable":true,"href":"https:\/\/stmtires.com\/es\/wp-json\/wp\/v2\/product_tag?post=195151"}],"curies":[{"name":"wp","href":"https:\/\/api.w.org\/{rel}","templated":true}]}}