{"id":195164,"date":"2022-05-12T16:33:26","date_gmt":"2022-05-12T21:33:26","guid":{"rendered":"https:\/\/website.dev.stmtires.com\/shop\/sin categor\u00eda\/285-75r245-g-m710-ecopia\/"},"modified":"2022-05-12T16:33:26","modified_gmt":"2022-05-12T21:33:26","slug":"285-75r24-5-g-m710-ecopia-2","status":"publish","type":"product","link":"https:\/\/stmtires.com\/es\/shop\/bridgestone-es\/285-75r24-5-g-m710-ecopia-2\/","title":{"rendered":"285\/75R24,5 G M710 ECOPIA"},"content":{"rendered":"<p>Cami\u00f3n\/Autob\u00fas Comercial. SmartWay verificado. Neum\u00e1tico radial de posici\u00f3n de accionamiento de bajo consumo de combustible para camiones de servicio mediano para aplicaciones de ejes en t\u00e1ndem en servicio regional y de larga distancia.<\/p>\n","protected":false},"excerpt":{"rendered":"<p>Cami\u00f3n\/Autob\u00fas Comercial. SmartWay verificado. Neum\u00e1tico radial de posici\u00f3n de accionamiento de bajo consumo de combustible para camiones de servicio mediano para aplicaciones de ejes en t\u00e1ndem en servicio regional y de larga distancia.<\/p>\n","protected":false},"featured_media":222878,"comment_status":"open","ping_status":"closed","template":"","meta":{"_acf_changed":false,"subheading":[]},"product_model":[25856],"product_brand":[],"product_cat":[19286,19288,19289,19332,19323,19253],"product_tag":[],"class_list":{"0":"post-195164","1":"product","2":"type-product","3":"status-publish","4":"has-post-thumbnail","6":"product_model-m710-ecopia-es","7":"product_cat-camion-autobus-comercial","8":"product_cat-conducir","9":"product_cat-radial-es","10":"product_cat-servicio-regional","11":"product_cat-smartway-en-ingles","12":"product_cat-uncategorized","13":"pa_tire-size-285-75r24-5-es","15":"first","16":"instock","17":"shipping-taxable","18":"purchasable","19":"product-type-simple"},"acf":[],"_links":{"self":[{"href":"https:\/\/stmtires.com\/es\/wp-json\/wp\/v2\/product\/195164","targetHints":{"allow":["GET"]}}],"collection":[{"href":"https:\/\/stmtires.com\/es\/wp-json\/wp\/v2\/product"}],"about":[{"href":"https:\/\/stmtires.com\/es\/wp-json\/wp\/v2\/types\/product"}],"replies":[{"embeddable":true,"href":"https:\/\/stmtires.com\/es\/wp-json\/wp\/v2\/comments?post=195164"}],"wp:featuredmedia":[{"embeddable":true,"href":"https:\/\/stmtires.com\/es\/wp-json\/wp\/v2\/media\/222878"}],"wp:attachment":[{"href":"https:\/\/stmtires.com\/es\/wp-json\/wp\/v2\/media?parent=195164"}],"wp:term":[{"taxonomy":"product_model","embeddable":true,"href":"https:\/\/stmtires.com\/es\/wp-json\/wp\/v2\/product_model?post=195164"},{"taxonomy":"product_brand","embeddable":true,"href":"https:\/\/stmtires.com\/es\/wp-json\/wp\/v2\/product_brand?post=195164"},{"taxonomy":"product_cat","embeddable":true,"href":"https:\/\/stmtires.com\/es\/wp-json\/wp\/v2\/product_cat?post=195164"},{"taxonomy":"product_tag","embeddable":true,"href":"https:\/\/stmtires.com\/es\/wp-json\/wp\/v2\/product_tag?post=195164"}],"curies":[{"name":"wp","href":"https:\/\/api.w.org\/{rel}","templated":true}]}}