{"id":195321,"date":"2022-05-12T16:00:34","date_gmt":"2022-05-12T21:00:34","guid":{"rendered":"https:\/\/website.dev.stmtires.com\/shop\/sin categor\u00eda\/285-75r24-5-g-r287a\/"},"modified":"2022-05-12T16:00:34","modified_gmt":"2022-05-12T21:00:34","slug":"285-75r24-5-g-r287a-2","status":"publish","type":"product","link":"https:\/\/stmtires.com\/es\/shop\/bridgestone-es\/285-75r24-5-g-r287a-2\/","title":{"rendered":"285\/75R24.5 G R287A"},"content":{"rendered":"<p>Cami\u00f3n\/Autob\u00fas Comercial. SmartWay verificado. Neum\u00e1tico radial de posici\u00f3n de direcci\u00f3n de cami\u00f3n de servicio medio para aplicaciones regionales y de larga distancia.<\/p>\n","protected":false},"excerpt":{"rendered":"<p>Cami\u00f3n\/Autob\u00fas Comercial. SmartWay verificado. Neum\u00e1tico radial de posici\u00f3n de direcci\u00f3n de cami\u00f3n de servicio medio para aplicaciones regionales y de larga distancia.<\/p>\n","protected":false},"featured_media":0,"comment_status":"open","ping_status":"closed","template":"","meta":{"_acf_changed":false,"subheading":[]},"product_model":[25899],"product_brand":[],"product_cat":[19286,19321,19289,19332,19323,19253],"product_tag":[],"class_list":{"0":"post-195321","1":"product","2":"type-product","3":"status-publish","5":"product_model-r287a-es","6":"product_cat-camion-autobus-comercial","7":"product_cat-conducir-es","8":"product_cat-radial-es","9":"product_cat-servicio-regional","10":"product_cat-smartway-en-ingles","11":"product_cat-uncategorized","12":"pa_tire-size-285-75r24-5-es","14":"first","15":"instock","16":"shipping-taxable","17":"purchasable","18":"product-type-simple"},"acf":[],"_links":{"self":[{"href":"https:\/\/stmtires.com\/es\/wp-json\/wp\/v2\/product\/195321","targetHints":{"allow":["GET"]}}],"collection":[{"href":"https:\/\/stmtires.com\/es\/wp-json\/wp\/v2\/product"}],"about":[{"href":"https:\/\/stmtires.com\/es\/wp-json\/wp\/v2\/types\/product"}],"replies":[{"embeddable":true,"href":"https:\/\/stmtires.com\/es\/wp-json\/wp\/v2\/comments?post=195321"}],"wp:attachment":[{"href":"https:\/\/stmtires.com\/es\/wp-json\/wp\/v2\/media?parent=195321"}],"wp:term":[{"taxonomy":"product_model","embeddable":true,"href":"https:\/\/stmtires.com\/es\/wp-json\/wp\/v2\/product_model?post=195321"},{"taxonomy":"product_brand","embeddable":true,"href":"https:\/\/stmtires.com\/es\/wp-json\/wp\/v2\/product_brand?post=195321"},{"taxonomy":"product_cat","embeddable":true,"href":"https:\/\/stmtires.com\/es\/wp-json\/wp\/v2\/product_cat?post=195321"},{"taxonomy":"product_tag","embeddable":true,"href":"https:\/\/stmtires.com\/es\/wp-json\/wp\/v2\/product_tag?post=195321"}],"curies":[{"name":"wp","href":"https:\/\/api.w.org\/{rel}","templated":true}]}}