{"id":195346,"date":"2022-05-12T15:58:35","date_gmt":"2022-05-12T20:58:35","guid":{"rendered":"https:\/\/website.dev.stmtires.com\/shop\/sin categor\u00eda\/285-75r24-5-g-doble-moneda-rt606\/"},"modified":"2022-05-12T15:58:35","modified_gmt":"2022-05-12T20:58:35","slug":"285-75r24-5-g-doble-moneda-rt606","status":"publish","type":"product","link":"https:\/\/stmtires.com\/es\/shop\/double-coin\/285-75r24-5-g-doble-moneda-rt606\/","title":{"rendered":"285\/75R24.5 G DOBLE MONEDA RT606+"},"content":{"rendered":"<p>Cami\u00f3n\/Autob\u00fas Comercial. Neum\u00e1tico de direcci\u00f3n de cami\u00f3n de servicio mediano \/ neum\u00e1tico de posici\u00f3n completa dise\u00f1ado para aplicaciones de P &amp; D, urbanas y regionales.<\/p>\n","protected":false},"excerpt":{"rendered":"<p>Cami\u00f3n\/Autob\u00fas Comercial. Neum\u00e1tico de direcci\u00f3n de cami\u00f3n de servicio mediano \/ neum\u00e1tico de posici\u00f3n completa dise\u00f1ado para aplicaciones de P &amp; D, urbanas y regionales.<\/p>\n","protected":false},"featured_media":0,"comment_status":"open","ping_status":"closed","template":"","meta":{"_acf_changed":false,"subheading":[]},"product_model":[25726],"product_brand":[103],"product_cat":[19286,19321,26140,19332,19316,19253],"product_tag":[],"class_list":{"0":"post-195346","1":"product","2":"type-product","3":"status-publish","5":"product_model-double-coin-rt606-es","6":"product_brand-double-coin","7":"product_cat-camion-autobus-comercial","8":"product_cat-conducir-es","9":"product_cat-perfil-bajo","10":"product_cat-servicio-regional","11":"product_cat-todas-las-posiciones","12":"product_cat-uncategorized","13":"pa_tire-size-285-75r24-5-es","15":"first","16":"instock","17":"shipping-taxable","18":"purchasable","19":"product-type-simple"},"acf":[],"_links":{"self":[{"href":"https:\/\/stmtires.com\/es\/wp-json\/wp\/v2\/product\/195346","targetHints":{"allow":["GET"]}}],"collection":[{"href":"https:\/\/stmtires.com\/es\/wp-json\/wp\/v2\/product"}],"about":[{"href":"https:\/\/stmtires.com\/es\/wp-json\/wp\/v2\/types\/product"}],"replies":[{"embeddable":true,"href":"https:\/\/stmtires.com\/es\/wp-json\/wp\/v2\/comments?post=195346"}],"wp:attachment":[{"href":"https:\/\/stmtires.com\/es\/wp-json\/wp\/v2\/media?parent=195346"}],"wp:term":[{"taxonomy":"product_model","embeddable":true,"href":"https:\/\/stmtires.com\/es\/wp-json\/wp\/v2\/product_model?post=195346"},{"taxonomy":"product_brand","embeddable":true,"href":"https:\/\/stmtires.com\/es\/wp-json\/wp\/v2\/product_brand?post=195346"},{"taxonomy":"product_cat","embeddable":true,"href":"https:\/\/stmtires.com\/es\/wp-json\/wp\/v2\/product_cat?post=195346"},{"taxonomy":"product_tag","embeddable":true,"href":"https:\/\/stmtires.com\/es\/wp-json\/wp\/v2\/product_tag?post=195346"}],"curies":[{"name":"wp","href":"https:\/\/api.w.org\/{rel}","templated":true}]}}