{"id":195564,"date":"2022-05-12T10:23:24","date_gmt":"2022-05-12T15:23:24","guid":{"rendered":"https:\/\/website.dev.stmtires.com\/shop\/sin categor\u00eda\/285-70r19-5-h-tl-m143\/"},"modified":"2022-05-12T10:23:24","modified_gmt":"2022-05-12T15:23:24","slug":"285-70r19-5-h-tl-m143-2","status":"publish","type":"product","link":"https:\/\/stmtires.com\/es\/shop\/toyo-es\/285-70r19-5-h-tl-m143-2\/","title":{"rendered":"285\/70R19.5 H TL M143"},"content":{"rendered":"<p>Cami\u00f3n\/Autob\u00fas Comercial. Cami\u00f3n de servicio mediano robusto de direcci\u00f3n \/ neum\u00e1tico de todas las posiciones dise\u00f1ado especialmente para un exigente servicio de entrega regional y urbano.<\/p>\n","protected":false},"excerpt":{"rendered":"<p>Cami\u00f3n\/Autob\u00fas Comercial. Cami\u00f3n de servicio mediano robusto de direcci\u00f3n \/ neum\u00e1tico de todas las posiciones dise\u00f1ado especialmente para un exigente servicio de entrega regional y urbano.<\/p>\n","protected":false},"featured_media":0,"comment_status":"open","ping_status":"closed","template":"","meta":{"_acf_changed":false,"subheading":[]},"product_model":[25279],"product_brand":[15760],"product_cat":[19286,19321,19336,19332,19316],"product_tag":[],"class_list":{"0":"post-195564","1":"product","2":"type-product","3":"status-publish","5":"product_model-m143-es","6":"product_brand-toyo-es","7":"product_cat-camion-autobus-comercial","8":"product_cat-conducir-es","9":"product_cat-posicion-del-remolque","10":"product_cat-servicio-regional","11":"product_cat-todas-las-posiciones","12":"pa_tire-size-285-70r19-5-es","14":"first","15":"instock","16":"shipping-taxable","17":"purchasable","18":"product-type-simple"},"acf":[],"_links":{"self":[{"href":"https:\/\/stmtires.com\/es\/wp-json\/wp\/v2\/product\/195564","targetHints":{"allow":["GET"]}}],"collection":[{"href":"https:\/\/stmtires.com\/es\/wp-json\/wp\/v2\/product"}],"about":[{"href":"https:\/\/stmtires.com\/es\/wp-json\/wp\/v2\/types\/product"}],"replies":[{"embeddable":true,"href":"https:\/\/stmtires.com\/es\/wp-json\/wp\/v2\/comments?post=195564"}],"wp:attachment":[{"href":"https:\/\/stmtires.com\/es\/wp-json\/wp\/v2\/media?parent=195564"}],"wp:term":[{"taxonomy":"product_model","embeddable":true,"href":"https:\/\/stmtires.com\/es\/wp-json\/wp\/v2\/product_model?post=195564"},{"taxonomy":"product_brand","embeddable":true,"href":"https:\/\/stmtires.com\/es\/wp-json\/wp\/v2\/product_brand?post=195564"},{"taxonomy":"product_cat","embeddable":true,"href":"https:\/\/stmtires.com\/es\/wp-json\/wp\/v2\/product_cat?post=195564"},{"taxonomy":"product_tag","embeddable":true,"href":"https:\/\/stmtires.com\/es\/wp-json\/wp\/v2\/product_tag?post=195564"}],"curies":[{"name":"wp","href":"https:\/\/api.w.org\/{rel}","templated":true}]}}