{"id":195849,"date":"2022-05-12T10:13:15","date_gmt":"2022-05-12T15:13:15","guid":{"rendered":"https:\/\/website.dev.stmtires.com\/shop\/sin categor\u00eda\/285-50zr18-deporte-piloto\/"},"modified":"2022-05-12T10:13:15","modified_gmt":"2022-05-12T15:13:15","slug":"285-50zr18-piloto-deporte","status":"publish","type":"product","link":"https:\/\/stmtires.com\/es\/shop\/tires\/285-50zr18-piloto-deporte\/","title":{"rendered":"285\/50ZR18 DEPORTE PILOTO"},"content":{"rendered":"<p>Neum\u00e1tico de verano para autom\u00f3viles de pasajeros de ultra alto rendimiento. Dise\u00f1ado como equipo original en autos deportivos de alto rendimiento. ZP (Zero Pressure) Run Flat Technology en tama\u00f1os seleccionados.<\/p>\n","protected":false},"excerpt":{"rendered":"<p>Neum\u00e1tico de verano para autom\u00f3viles de pasajeros de ultra alto rendimiento. Dise\u00f1ado como equipo original en autos deportivos de alto rendimiento. ZP (Zero Pressure) Run Flat Technology en tama\u00f1os seleccionados.<\/p>\n","protected":false},"featured_media":0,"comment_status":"open","ping_status":"closed","template":"","meta":{"_acf_changed":false,"subheading":[]},"product_model":[25358],"product_brand":[],"product_cat":[],"product_tag":[],"class_list":{"0":"post-195849","1":"product","2":"type-product","3":"status-publish","5":"product_model-pilot-sport-es","7":"first","8":"instock","9":"shipping-taxable","10":"purchasable","11":"product-type-simple"},"acf":[],"_links":{"self":[{"href":"https:\/\/stmtires.com\/es\/wp-json\/wp\/v2\/product\/195849","targetHints":{"allow":["GET"]}}],"collection":[{"href":"https:\/\/stmtires.com\/es\/wp-json\/wp\/v2\/product"}],"about":[{"href":"https:\/\/stmtires.com\/es\/wp-json\/wp\/v2\/types\/product"}],"replies":[{"embeddable":true,"href":"https:\/\/stmtires.com\/es\/wp-json\/wp\/v2\/comments?post=195849"}],"wp:attachment":[{"href":"https:\/\/stmtires.com\/es\/wp-json\/wp\/v2\/media?parent=195849"}],"wp:term":[{"taxonomy":"product_model","embeddable":true,"href":"https:\/\/stmtires.com\/es\/wp-json\/wp\/v2\/product_model?post=195849"},{"taxonomy":"product_brand","embeddable":true,"href":"https:\/\/stmtires.com\/es\/wp-json\/wp\/v2\/product_brand?post=195849"},{"taxonomy":"product_cat","embeddable":true,"href":"https:\/\/stmtires.com\/es\/wp-json\/wp\/v2\/product_cat?post=195849"},{"taxonomy":"product_tag","embeddable":true,"href":"https:\/\/stmtires.com\/es\/wp-json\/wp\/v2\/product_tag?post=195849"}],"curies":[{"name":"wp","href":"https:\/\/api.w.org\/{rel}","templated":true}]}}