{"id":195886,"date":"2022-05-12T10:24:24","date_gmt":"2022-05-12T15:24:24","guid":{"rendered":"https:\/\/website.dev.stmtires.com\/shop\/sin categor\u00eda\/285-60r18-xl-g-force-t-a-kdw\/"},"modified":"2022-06-06T08:03:05","modified_gmt":"2022-06-06T13:03:05","slug":"285-60r18-xl-g-force-t-a-kdw-2","status":"publish","type":"product","link":"https:\/\/stmtires.com\/es\/shop\/bfgoodrich-es\/285-60r18-xl-g-force-t-a-kdw-2\/","title":{"rendered":"285\/60R18 XL G-FORCE T\/A KDW"},"content":{"rendered":"<p>Neum\u00e1tico de verano de verano de ultra alto rendimiento y cami\u00f3n ligero \/ SUV. Rendimiento deportivo para coup\u00e9, sed\u00e1n, autom\u00f3vil o cami\u00f3n.<\/p>\n","protected":false},"excerpt":{"rendered":"<p>Neum\u00e1tico de verano de verano de ultra alto rendimiento y cami\u00f3n ligero \/ SUV. Rendimiento deportivo para coup\u00e9, sed\u00e1n, autom\u00f3vil o cami\u00f3n.<\/p>\n","protected":false},"featured_media":0,"comment_status":"open","ping_status":"closed","template":"","meta":{"_acf_changed":false,"subheading":[]},"product_model":[25362],"product_brand":[15735],"product_cat":[25986],"product_tag":[],"class_list":{"0":"post-195886","1":"product","2":"type-product","3":"status-publish","5":"product_model-g-force-t-a-kdw-es","6":"product_brand-bfgoodrich-es","7":"product_cat-luz-de-pasajero","8":"pa_tire-size-285-60r18-es","10":"first","11":"instock","12":"shipping-taxable","13":"purchasable","14":"product-type-simple"},"acf":[],"_links":{"self":[{"href":"https:\/\/stmtires.com\/es\/wp-json\/wp\/v2\/product\/195886","targetHints":{"allow":["GET"]}}],"collection":[{"href":"https:\/\/stmtires.com\/es\/wp-json\/wp\/v2\/product"}],"about":[{"href":"https:\/\/stmtires.com\/es\/wp-json\/wp\/v2\/types\/product"}],"replies":[{"embeddable":true,"href":"https:\/\/stmtires.com\/es\/wp-json\/wp\/v2\/comments?post=195886"}],"wp:attachment":[{"href":"https:\/\/stmtires.com\/es\/wp-json\/wp\/v2\/media?parent=195886"}],"wp:term":[{"taxonomy":"product_model","embeddable":true,"href":"https:\/\/stmtires.com\/es\/wp-json\/wp\/v2\/product_model?post=195886"},{"taxonomy":"product_brand","embeddable":true,"href":"https:\/\/stmtires.com\/es\/wp-json\/wp\/v2\/product_brand?post=195886"},{"taxonomy":"product_cat","embeddable":true,"href":"https:\/\/stmtires.com\/es\/wp-json\/wp\/v2\/product_cat?post=195886"},{"taxonomy":"product_tag","embeddable":true,"href":"https:\/\/stmtires.com\/es\/wp-json\/wp\/v2\/product_tag?post=195886"}],"curies":[{"name":"wp","href":"https:\/\/api.w.org\/{rel}","templated":true}]}}