{"id":196162,"date":"2022-05-12T13:09:25","date_gmt":"2022-05-12T18:09:25","guid":{"rendered":"https:\/\/website.dev.stmtires.com\/shop\/sin categor\u00eda\/285-35zr22-xl-deporte-piloto-toda-la-temporada-4\/"},"modified":"2022-05-12T13:09:25","modified_gmt":"2022-05-12T18:09:25","slug":"285-35zr22-xl-piloto-deporte-toda-la-temporada-4","status":"publish","type":"product","link":"https:\/\/stmtires.com\/es\/shop\/tires\/285-35zr22-xl-piloto-deporte-toda-la-temporada-4\/","title":{"rendered":"285\/35ZR22 XL DEPORTE PILOTO TODA LA TEMPORADA 4"},"content":{"rendered":"<p>Neum\u00e1tico de autom\u00f3vil de pasajeros ultra alto rendimiento para todas las estaciones. Tecnolog\u00eda ZP (Zero Pressure) Run Flat disponible en tama\u00f1os seleccionados.<\/p>\n","protected":false},"excerpt":{"rendered":"<p>Neum\u00e1tico de autom\u00f3vil de pasajeros ultra alto rendimiento para todas las estaciones. Tecnolog\u00eda ZP (Zero Pressure) Run Flat disponible en tama\u00f1os seleccionados.<\/p>\n","protected":false},"featured_media":0,"comment_status":"open","ping_status":"closed","template":"","meta":{"_acf_changed":false,"subheading":[]},"product_model":[25671],"product_brand":[],"product_cat":[19253],"product_tag":[],"class_list":{"0":"post-196162","1":"product","2":"type-product","3":"status-publish","5":"product_model-pilot-sport-all-season-4-es","6":"product_cat-uncategorized","8":"first","9":"instock","10":"shipping-taxable","11":"purchasable","12":"product-type-simple"},"acf":[],"_links":{"self":[{"href":"https:\/\/stmtires.com\/es\/wp-json\/wp\/v2\/product\/196162","targetHints":{"allow":["GET"]}}],"collection":[{"href":"https:\/\/stmtires.com\/es\/wp-json\/wp\/v2\/product"}],"about":[{"href":"https:\/\/stmtires.com\/es\/wp-json\/wp\/v2\/types\/product"}],"replies":[{"embeddable":true,"href":"https:\/\/stmtires.com\/es\/wp-json\/wp\/v2\/comments?post=196162"}],"wp:attachment":[{"href":"https:\/\/stmtires.com\/es\/wp-json\/wp\/v2\/media?parent=196162"}],"wp:term":[{"taxonomy":"product_model","embeddable":true,"href":"https:\/\/stmtires.com\/es\/wp-json\/wp\/v2\/product_model?post=196162"},{"taxonomy":"product_brand","embeddable":true,"href":"https:\/\/stmtires.com\/es\/wp-json\/wp\/v2\/product_brand?post=196162"},{"taxonomy":"product_cat","embeddable":true,"href":"https:\/\/stmtires.com\/es\/wp-json\/wp\/v2\/product_cat?post=196162"},{"taxonomy":"product_tag","embeddable":true,"href":"https:\/\/stmtires.com\/es\/wp-json\/wp\/v2\/product_tag?post=196162"}],"curies":[{"name":"wp","href":"https:\/\/api.w.org\/{rel}","templated":true}]}}