{"id":196227,"date":"2022-05-12T16:04:48","date_gmt":"2022-05-12T21:04:48","guid":{"rendered":"https:\/\/website.dev.stmtires.com\/shop\/sin categor\u00eda\/285-35r19-potenza-s-04-pole-position\/"},"modified":"2022-06-08T00:35:13","modified_gmt":"2022-06-08T05:35:13","slug":"285-35r19-potenza-s-04-pole-position-2","status":"publish","type":"product","link":"https:\/\/stmtires.com\/es\/shop\/bridgestone-es\/285-35r19-potenza-s-04-pole-position-2\/","title":{"rendered":"285\/35R19 POTENZA S-04 POLE POSITION"},"content":{"rendered":"<p>Neum\u00e1tico de verano para autom\u00f3viles de pasajeros desarrollado para conductores de autos deportivos de ultra alto rendimiento, cup\u00e9s y sedanes.<\/p>\n","protected":false},"excerpt":{"rendered":"<p>Neum\u00e1tico de verano para autom\u00f3viles de pasajeros desarrollado para conductores de autos deportivos de ultra alto rendimiento, cup\u00e9s y sedanes.<\/p>\n","protected":false},"featured_media":0,"comment_status":"open","ping_status":"closed","template":"","meta":{"_acf_changed":false,"subheading":[]},"product_model":[25802],"product_brand":[],"product_cat":[19264,19288,19271,16436,19253],"product_tag":[],"class_list":{"0":"post-196227","1":"product","2":"type-product","3":"status-publish","5":"product_model-potenza-s-04-pole-position-es","6":"product_cat-alto-rendimiento-hp","7":"product_cat-conducir","8":"product_cat-corre-plano","9":"product_cat-rendimiento-ultra-alto-uhp","10":"product_cat-uncategorized","11":"pa_tire-size-285-35r19-es","13":"first","14":"instock","15":"shipping-taxable","16":"purchasable","17":"product-type-simple"},"acf":[],"_links":{"self":[{"href":"https:\/\/stmtires.com\/es\/wp-json\/wp\/v2\/product\/196227","targetHints":{"allow":["GET"]}}],"collection":[{"href":"https:\/\/stmtires.com\/es\/wp-json\/wp\/v2\/product"}],"about":[{"href":"https:\/\/stmtires.com\/es\/wp-json\/wp\/v2\/types\/product"}],"replies":[{"embeddable":true,"href":"https:\/\/stmtires.com\/es\/wp-json\/wp\/v2\/comments?post=196227"}],"wp:attachment":[{"href":"https:\/\/stmtires.com\/es\/wp-json\/wp\/v2\/media?parent=196227"}],"wp:term":[{"taxonomy":"product_model","embeddable":true,"href":"https:\/\/stmtires.com\/es\/wp-json\/wp\/v2\/product_model?post=196227"},{"taxonomy":"product_brand","embeddable":true,"href":"https:\/\/stmtires.com\/es\/wp-json\/wp\/v2\/product_brand?post=196227"},{"taxonomy":"product_cat","embeddable":true,"href":"https:\/\/stmtires.com\/es\/wp-json\/wp\/v2\/product_cat?post=196227"},{"taxonomy":"product_tag","embeddable":true,"href":"https:\/\/stmtires.com\/es\/wp-json\/wp\/v2\/product_tag?post=196227"}],"curies":[{"name":"wp","href":"https:\/\/api.w.org\/{rel}","templated":true}]}}