{"id":196333,"date":"2022-05-12T16:06:09","date_gmt":"2022-05-12T21:06:09","guid":{"rendered":"https:\/\/website.dev.stmtires.com\/shop\/sin categor\u00eda\/285-35rf19-potenza-re960-a-s-pole-position-rft\/"},"modified":"2023-01-06T14:38:26","modified_gmt":"2023-01-06T20:38:26","slug":"285-35rf19-potenza-re960-a-s-pole-position-rft-2","status":"publish","type":"product","link":"https:\/\/stmtires.com\/es\/shop\/bridgestone-es\/285-35rf19-potenza-re960-a-s-pole-position-rft-2\/","title":{"rendered":"285\/35RF19 POTENZA RE960 A\/S POLE POSITION RFT"},"content":{"rendered":"<p>Neum\u00e1tico de autom\u00f3vil de pasajeros de alto rendimiento para todas las estaciones con tecnolog\u00eda Run Flat (RFT).<\/p>\n","protected":false},"excerpt":{"rendered":"<p>Neum\u00e1tico de autom\u00f3vil de pasajeros de alto rendimiento para todas las estaciones con tecnolog\u00eda Run Flat (RFT).<\/p>\n","protected":false},"featured_media":0,"comment_status":"open","ping_status":"closed","template":"","meta":{"_acf_changed":false,"subheading":[]},"product_model":[25912],"product_brand":[],"product_cat":[19264,19271,19253],"product_tag":[],"class_list":{"0":"post-196333","1":"product","2":"type-product","3":"status-publish","5":"product_model-potenza-re960-a-s-pole-position-rft-es","6":"product_cat-alto-rendimiento-hp","7":"product_cat-corre-plano","8":"product_cat-uncategorized","9":"pa_tire-size-285-35r19-es","11":"first","12":"instock","13":"shipping-taxable","14":"purchasable","15":"product-type-simple"},"acf":[],"_links":{"self":[{"href":"https:\/\/stmtires.com\/es\/wp-json\/wp\/v2\/product\/196333","targetHints":{"allow":["GET"]}}],"collection":[{"href":"https:\/\/stmtires.com\/es\/wp-json\/wp\/v2\/product"}],"about":[{"href":"https:\/\/stmtires.com\/es\/wp-json\/wp\/v2\/types\/product"}],"replies":[{"embeddable":true,"href":"https:\/\/stmtires.com\/es\/wp-json\/wp\/v2\/comments?post=196333"}],"wp:attachment":[{"href":"https:\/\/stmtires.com\/es\/wp-json\/wp\/v2\/media?parent=196333"}],"wp:term":[{"taxonomy":"product_model","embeddable":true,"href":"https:\/\/stmtires.com\/es\/wp-json\/wp\/v2\/product_model?post=196333"},{"taxonomy":"product_brand","embeddable":true,"href":"https:\/\/stmtires.com\/es\/wp-json\/wp\/v2\/product_brand?post=196333"},{"taxonomy":"product_cat","embeddable":true,"href":"https:\/\/stmtires.com\/es\/wp-json\/wp\/v2\/product_cat?post=196333"},{"taxonomy":"product_tag","embeddable":true,"href":"https:\/\/stmtires.com\/es\/wp-json\/wp\/v2\/product_tag?post=196333"}],"curies":[{"name":"wp","href":"https:\/\/api.w.org\/{rel}","templated":true}]}}