{"id":196368,"date":"2022-05-12T11:54:08","date_gmt":"2022-05-12T16:54:08","guid":{"rendered":"https:\/\/website.dev.stmtires.com\/shop\/sin categor\u00eda\/285-35r20-xl-piloto-alpin-pa4-n0\/"},"modified":"2022-05-12T11:54:08","modified_gmt":"2022-05-12T16:54:08","slug":"285-35r20-xl-piloto-alpino-pa4-n0","status":"publish","type":"product","link":"https:\/\/stmtires.com\/es\/shop\/michelin-es\/285-35r20-xl-piloto-alpino-pa4-n0\/","title":{"rendered":"285\/35R20 XL PILOTO ALPIN PA4 N0"},"content":{"rendered":"<p>Neum\u00e1tico de turismo de turismo de alto rendimiento de invierno. Dise\u00f1ado para equipos originales como el Corvette Stingray. Tecnolog\u00eda ZP (Zero Pressure) Run Flat disponible en tama\u00f1os seleccionados.<\/p>\n","protected":false},"excerpt":{"rendered":"<p>Neum\u00e1tico de turismo de turismo de alto rendimiento de invierno. Dise\u00f1ado para equipos originales como el Corvette Stingray. Tecnolog\u00eda ZP (Zero Pressure) Run Flat disponible en tama\u00f1os seleccionados.<\/p>\n","protected":false},"featured_media":0,"comment_status":"open","ping_status":"closed","template":"","meta":{"_acf_changed":false,"subheading":[]},"product_model":[25617],"product_brand":[15734],"product_cat":[25986,19253],"product_tag":[],"class_list":{"0":"post-196368","1":"product","2":"type-product","3":"status-publish","5":"product_model-pilot-alpin-pa4-es","6":"product_brand-michelin-es","7":"product_cat-luz-de-pasajero","8":"product_cat-uncategorized","9":"pa_tire-size-285-35r20-es","11":"first","12":"instock","13":"shipping-taxable","14":"purchasable","15":"product-type-simple"},"acf":[],"_links":{"self":[{"href":"https:\/\/stmtires.com\/es\/wp-json\/wp\/v2\/product\/196368","targetHints":{"allow":["GET"]}}],"collection":[{"href":"https:\/\/stmtires.com\/es\/wp-json\/wp\/v2\/product"}],"about":[{"href":"https:\/\/stmtires.com\/es\/wp-json\/wp\/v2\/types\/product"}],"replies":[{"embeddable":true,"href":"https:\/\/stmtires.com\/es\/wp-json\/wp\/v2\/comments?post=196368"}],"wp:attachment":[{"href":"https:\/\/stmtires.com\/es\/wp-json\/wp\/v2\/media?parent=196368"}],"wp:term":[{"taxonomy":"product_model","embeddable":true,"href":"https:\/\/stmtires.com\/es\/wp-json\/wp\/v2\/product_model?post=196368"},{"taxonomy":"product_brand","embeddable":true,"href":"https:\/\/stmtires.com\/es\/wp-json\/wp\/v2\/product_brand?post=196368"},{"taxonomy":"product_cat","embeddable":true,"href":"https:\/\/stmtires.com\/es\/wp-json\/wp\/v2\/product_cat?post=196368"},{"taxonomy":"product_tag","embeddable":true,"href":"https:\/\/stmtires.com\/es\/wp-json\/wp\/v2\/product_tag?post=196368"}],"curies":[{"name":"wp","href":"https:\/\/api.w.org\/{rel}","templated":true}]}}