{"id":196374,"date":"2022-05-12T15:16:54","date_gmt":"2022-05-12T20:16:54","guid":{"rendered":"https:\/\/website.dev.stmtires.com\/shop\/sin categor\u00eda\/285-30zr18-potenza-s-02a\/"},"modified":"2022-05-12T15:16:54","modified_gmt":"2022-05-12T20:16:54","slug":"285-30zr18-potenza-s-02a-2","status":"publish","type":"product","link":"https:\/\/stmtires.com\/es\/shop\/bridgestone-es\/285-30zr18-potenza-s-02a-2\/","title":{"rendered":"285\/30ZR18 POTENZA S-02A"},"content":{"rendered":"<p>Neum\u00e1tico de coche de pasajeros Summer Performance. Neum\u00e1tico de equipo original (OE) en veh\u00edculos seleccionados. Consulte Tama\u00f1os y especificaciones para accesorios de equipos originales.<\/p>\n","protected":false},"excerpt":{"rendered":"<p>Neum\u00e1tico de coche de pasajeros Summer Performance. Neum\u00e1tico de equipo original (OE) en veh\u00edculos seleccionados. Consulte Tama\u00f1os y especificaciones para accesorios de equipos originales.<\/p>\n","protected":false},"featured_media":0,"comment_status":"open","ping_status":"closed","template":"","meta":{"_acf_changed":false,"subheading":[]},"product_model":[25939],"product_brand":[],"product_cat":[19242],"product_tag":[],"class_list":{"0":"post-196374","1":"product","2":"type-product","3":"status-publish","5":"product_model-potenza-s-02a-es","6":"product_cat-equipo-original-oe","7":"pa_tire-size-285-30r18-es","9":"first","10":"instock","11":"shipping-taxable","12":"purchasable","13":"product-type-simple"},"acf":[],"_links":{"self":[{"href":"https:\/\/stmtires.com\/es\/wp-json\/wp\/v2\/product\/196374","targetHints":{"allow":["GET"]}}],"collection":[{"href":"https:\/\/stmtires.com\/es\/wp-json\/wp\/v2\/product"}],"about":[{"href":"https:\/\/stmtires.com\/es\/wp-json\/wp\/v2\/types\/product"}],"replies":[{"embeddable":true,"href":"https:\/\/stmtires.com\/es\/wp-json\/wp\/v2\/comments?post=196374"}],"wp:attachment":[{"href":"https:\/\/stmtires.com\/es\/wp-json\/wp\/v2\/media?parent=196374"}],"wp:term":[{"taxonomy":"product_model","embeddable":true,"href":"https:\/\/stmtires.com\/es\/wp-json\/wp\/v2\/product_model?post=196374"},{"taxonomy":"product_brand","embeddable":true,"href":"https:\/\/stmtires.com\/es\/wp-json\/wp\/v2\/product_brand?post=196374"},{"taxonomy":"product_cat","embeddable":true,"href":"https:\/\/stmtires.com\/es\/wp-json\/wp\/v2\/product_cat?post=196374"},{"taxonomy":"product_tag","embeddable":true,"href":"https:\/\/stmtires.com\/es\/wp-json\/wp\/v2\/product_tag?post=196374"}],"curies":[{"name":"wp","href":"https:\/\/api.w.org\/{rel}","templated":true}]}}