{"id":196418,"date":"2022-05-12T10:33:00","date_gmt":"2022-05-12T15:33:00","guid":{"rendered":"https:\/\/website.dev.stmtires.com\/shop\/sin categor\u00eda\/285-35r18-deporte-piloto\/"},"modified":"2022-05-12T10:33:00","modified_gmt":"2022-05-12T15:33:00","slug":"285-35r18-piloto-deporte","status":"publish","type":"product","link":"https:\/\/stmtires.com\/es\/shop\/michelin-es\/285-35r18-piloto-deporte\/","title":{"rendered":"285\/35R18 DEPORTE PILOTO"},"content":{"rendered":"<p>Neum\u00e1tico de verano para autom\u00f3viles de pasajeros de ultra alto rendimiento. Dise\u00f1ado como equipo original en autos deportivos de alto rendimiento. ZP (Zero Pressure) Run Flat Technology en tama\u00f1os seleccionados.<\/p>\n","protected":false},"excerpt":{"rendered":"<p>Neum\u00e1tico de verano para autom\u00f3viles de pasajeros de ultra alto rendimiento. Dise\u00f1ado como equipo original en autos deportivos de alto rendimiento. ZP (Zero Pressure) Run Flat Technology en tama\u00f1os seleccionados.<\/p>\n","protected":false},"featured_media":0,"comment_status":"open","ping_status":"closed","template":"","meta":{"_acf_changed":false,"subheading":[]},"product_model":[25358],"product_brand":[15734],"product_cat":[25986],"product_tag":[],"class_list":{"0":"post-196418","1":"product","2":"type-product","3":"status-publish","5":"product_model-pilot-sport-es","6":"product_brand-michelin-es","7":"product_cat-luz-de-pasajero","8":"pa_tire-size-285-35r18-es","10":"first","11":"instock","12":"shipping-taxable","13":"purchasable","14":"product-type-simple"},"acf":[],"_links":{"self":[{"href":"https:\/\/stmtires.com\/es\/wp-json\/wp\/v2\/product\/196418","targetHints":{"allow":["GET"]}}],"collection":[{"href":"https:\/\/stmtires.com\/es\/wp-json\/wp\/v2\/product"}],"about":[{"href":"https:\/\/stmtires.com\/es\/wp-json\/wp\/v2\/types\/product"}],"replies":[{"embeddable":true,"href":"https:\/\/stmtires.com\/es\/wp-json\/wp\/v2\/comments?post=196418"}],"wp:attachment":[{"href":"https:\/\/stmtires.com\/es\/wp-json\/wp\/v2\/media?parent=196418"}],"wp:term":[{"taxonomy":"product_model","embeddable":true,"href":"https:\/\/stmtires.com\/es\/wp-json\/wp\/v2\/product_model?post=196418"},{"taxonomy":"product_brand","embeddable":true,"href":"https:\/\/stmtires.com\/es\/wp-json\/wp\/v2\/product_brand?post=196418"},{"taxonomy":"product_cat","embeddable":true,"href":"https:\/\/stmtires.com\/es\/wp-json\/wp\/v2\/product_cat?post=196418"},{"taxonomy":"product_tag","embeddable":true,"href":"https:\/\/stmtires.com\/es\/wp-json\/wp\/v2\/product_tag?post=196418"}],"curies":[{"name":"wp","href":"https:\/\/api.w.org\/{rel}","templated":true}]}}