{"id":196475,"date":"2022-05-12T10:14:25","date_gmt":"2022-05-12T15:14:25","guid":{"rendered":"https:\/\/website.dev.stmtires.com\/shop\/sin categor\u00eda\/285-30zr20-proxes-t1r\/"},"modified":"2022-05-12T10:14:25","modified_gmt":"2022-05-12T15:14:25","slug":"285-30zr20-proxes-t1r-2","status":"publish","type":"product","link":"https:\/\/stmtires.com\/es\/shop\/tires\/285-30zr20-proxes-t1r-2\/","title":{"rendered":"285\/30ZR20 PROXES T1R"},"content":{"rendered":"<p>Neum\u00e1tico de verano para autom\u00f3viles de pasajeros de ultra alto rendimiento dise\u00f1ado para sedanes y cup\u00e9s deportivos de alta gama.<\/p>\n","protected":false},"excerpt":{"rendered":"<p>Neum\u00e1tico de verano para autom\u00f3viles de pasajeros de ultra alto rendimiento dise\u00f1ado para sedanes y cup\u00e9s deportivos de alta gama.<\/p>\n","protected":false},"featured_media":0,"comment_status":"open","ping_status":"closed","template":"","meta":{"_acf_changed":false,"subheading":[]},"product_model":[25298],"product_brand":[],"product_cat":[],"product_tag":[],"class_list":{"0":"post-196475","1":"product","2":"type-product","3":"status-publish","5":"product_model-proxes-t1r-es","7":"first","8":"instock","9":"shipping-taxable","10":"purchasable","11":"product-type-simple"},"acf":[],"_links":{"self":[{"href":"https:\/\/stmtires.com\/es\/wp-json\/wp\/v2\/product\/196475","targetHints":{"allow":["GET"]}}],"collection":[{"href":"https:\/\/stmtires.com\/es\/wp-json\/wp\/v2\/product"}],"about":[{"href":"https:\/\/stmtires.com\/es\/wp-json\/wp\/v2\/types\/product"}],"replies":[{"embeddable":true,"href":"https:\/\/stmtires.com\/es\/wp-json\/wp\/v2\/comments?post=196475"}],"wp:attachment":[{"href":"https:\/\/stmtires.com\/es\/wp-json\/wp\/v2\/media?parent=196475"}],"wp:term":[{"taxonomy":"product_model","embeddable":true,"href":"https:\/\/stmtires.com\/es\/wp-json\/wp\/v2\/product_model?post=196475"},{"taxonomy":"product_brand","embeddable":true,"href":"https:\/\/stmtires.com\/es\/wp-json\/wp\/v2\/product_brand?post=196475"},{"taxonomy":"product_cat","embeddable":true,"href":"https:\/\/stmtires.com\/es\/wp-json\/wp\/v2\/product_cat?post=196475"},{"taxonomy":"product_tag","embeddable":true,"href":"https:\/\/stmtires.com\/es\/wp-json\/wp\/v2\/product_tag?post=196475"}],"curies":[{"name":"wp","href":"https:\/\/api.w.org\/{rel}","templated":true}]}}