{"id":196571,"date":"2022-05-12T11:26:02","date_gmt":"2022-05-12T16:26:02","guid":{"rendered":"https:\/\/website.dev.stmtires.com\/shop\/sin categor\u00eda\/280-70r16-tl-radial-4000-r-1w\/"},"modified":"2022-05-12T11:26:02","modified_gmt":"2022-05-12T16:26:02","slug":"280-70r16-tl-radial-4000-r-1w-2","status":"publish","type":"product","link":"https:\/\/stmtires.com\/es\/shop\/firestone-es\/280-70r16-tl-radial-4000-r-1w-2\/","title":{"rendered":"280\/70R16 TL RADIAL 4000 R-1W"},"content":{"rendered":"<p>Neum\u00e1tico de banda de rodadura profunda de accionamiento de tractor trasero radial agr\u00edcola R-1W adecuado para suelos h\u00famedos a h\u00famedos y dise\u00f1ado para aplicaciones de vi\u00f1edos y huertos.<\/p>\n","protected":false},"excerpt":{"rendered":"<p>Neum\u00e1tico de banda de rodadura profunda de accionamiento de tractor trasero radial agr\u00edcola R-1W adecuado para suelos h\u00famedos a h\u00famedos y dise\u00f1ado para aplicaciones de vi\u00f1edos y huertos.<\/p>\n","protected":false},"featured_media":0,"comment_status":"open","ping_status":"closed","template":"","meta":{"_acf_changed":false,"subheading":[]},"product_model":[25501],"product_brand":[15736],"product_cat":[26128,19304,19288,19289,26129,19253],"product_tag":[],"class_list":{"0":"post-196571","1":"product","2":"type-product","3":"status-publish","5":"product_model-radial-4000-r-1w-es","6":"product_brand-firestone-es","7":"product_cat-agricola","8":"product_cat-banda-de-rodadura-profunda","9":"product_cat-conducir","10":"product_cat-radial-es","11":"product_cat-tractor-es","12":"product_cat-uncategorized","13":"pa_tire-size-280-70r16-es","15":"first","16":"instock","17":"shipping-taxable","18":"purchasable","19":"product-type-simple"},"acf":[],"_links":{"self":[{"href":"https:\/\/stmtires.com\/es\/wp-json\/wp\/v2\/product\/196571","targetHints":{"allow":["GET"]}}],"collection":[{"href":"https:\/\/stmtires.com\/es\/wp-json\/wp\/v2\/product"}],"about":[{"href":"https:\/\/stmtires.com\/es\/wp-json\/wp\/v2\/types\/product"}],"replies":[{"embeddable":true,"href":"https:\/\/stmtires.com\/es\/wp-json\/wp\/v2\/comments?post=196571"}],"wp:attachment":[{"href":"https:\/\/stmtires.com\/es\/wp-json\/wp\/v2\/media?parent=196571"}],"wp:term":[{"taxonomy":"product_model","embeddable":true,"href":"https:\/\/stmtires.com\/es\/wp-json\/wp\/v2\/product_model?post=196571"},{"taxonomy":"product_brand","embeddable":true,"href":"https:\/\/stmtires.com\/es\/wp-json\/wp\/v2\/product_brand?post=196571"},{"taxonomy":"product_cat","embeddable":true,"href":"https:\/\/stmtires.com\/es\/wp-json\/wp\/v2\/product_cat?post=196571"},{"taxonomy":"product_tag","embeddable":true,"href":"https:\/\/stmtires.com\/es\/wp-json\/wp\/v2\/product_tag?post=196571"}],"curies":[{"name":"wp","href":"https:\/\/api.w.org\/{rel}","templated":true}]}}