{"id":196666,"date":"2022-05-12T11:49:06","date_gmt":"2022-05-12T16:49:06","guid":{"rendered":"https:\/\/website.dev.stmtires.com\/shop\/sin categor\u00eda\/275-80r24-5-g-x-linea-energy-t\/"},"modified":"2022-05-12T11:49:06","modified_gmt":"2022-05-12T16:49:06","slug":"275-80r24-5-g-x-line-energy-t-2","status":"publish","type":"product","link":"https:\/\/stmtires.com\/es\/shop\/michelin-es\/275-80r24-5-g-x-line-energy-t-2\/","title":{"rendered":"275\/80R24.5 G X L\u00cdNEA ENERGY T"},"content":{"rendered":"<p>Cami\u00f3n\/Autob\u00fas Comercial. Neum\u00e1tico de posici\u00f3n de remolque de cami\u00f3n de servicio mediano verificado por SmartWay\u00ae dise\u00f1ado para aplicaciones de transporte en l\u00ednea.<\/p>\n","protected":false},"excerpt":{"rendered":"<p>Cami\u00f3n\/Autob\u00fas Comercial. Neum\u00e1tico de posici\u00f3n de remolque de cami\u00f3n de servicio mediano verificado por SmartWay\u00ae dise\u00f1ado para aplicaciones de transporte en l\u00ednea.<\/p>\n","protected":false},"featured_media":0,"comment_status":"open","ping_status":"closed","template":"","meta":{"_acf_changed":false,"subheading":[]},"product_model":[25645],"product_brand":[15734],"product_cat":[19253],"product_tag":[],"class_list":{"0":"post-196666","1":"product","2":"type-product","3":"status-publish","5":"product_model-x-line-energy-t-es","6":"product_brand-michelin-es","7":"product_cat-uncategorized","8":"pa_tire-size-275-80r24-5-es","10":"first","11":"instock","12":"shipping-taxable","13":"purchasable","14":"product-type-simple"},"acf":[],"_links":{"self":[{"href":"https:\/\/stmtires.com\/es\/wp-json\/wp\/v2\/product\/196666","targetHints":{"allow":["GET"]}}],"collection":[{"href":"https:\/\/stmtires.com\/es\/wp-json\/wp\/v2\/product"}],"about":[{"href":"https:\/\/stmtires.com\/es\/wp-json\/wp\/v2\/types\/product"}],"replies":[{"embeddable":true,"href":"https:\/\/stmtires.com\/es\/wp-json\/wp\/v2\/comments?post=196666"}],"wp:attachment":[{"href":"https:\/\/stmtires.com\/es\/wp-json\/wp\/v2\/media?parent=196666"}],"wp:term":[{"taxonomy":"product_model","embeddable":true,"href":"https:\/\/stmtires.com\/es\/wp-json\/wp\/v2\/product_model?post=196666"},{"taxonomy":"product_brand","embeddable":true,"href":"https:\/\/stmtires.com\/es\/wp-json\/wp\/v2\/product_brand?post=196666"},{"taxonomy":"product_cat","embeddable":true,"href":"https:\/\/stmtires.com\/es\/wp-json\/wp\/v2\/product_cat?post=196666"},{"taxonomy":"product_tag","embeddable":true,"href":"https:\/\/stmtires.com\/es\/wp-json\/wp\/v2\/product_tag?post=196666"}],"curies":[{"name":"wp","href":"https:\/\/api.w.org\/{rel}","templated":true}]}}